{"id":92,"date":"2013-12-30T00:07:06","date_gmt":"2013-12-29T23:07:06","guid":{"rendered":"http:\/\/localhost\/Wordpres_EKewaka\/?page_id=92"},"modified":"2016-04-25T16:19:30","modified_gmt":"2016-04-25T15:19:30","slug":"videos-2013","status":"publish","type":"page","link":"https:\/\/interclubs.gojuryu93.com\/?page_id=92","title":{"rendered":"Vid\u00e9os 2013"},"content":{"rendered":"<h2 style=\"text-align: left;\"><span style=\"font-size: 24px;\">Retrouvez sur cette page et les pages suivantes les vid\u00e9os des d\u00e9monstrations r\u00e9alis\u00e9es par Nathalie Dorville qui nous a gracieusement fournie ces images. <\/span><\/h2>\n<p style=\"text-align: center;\"><span style=\"text-decoration: underline;\"><strong>D\u00e9monstrations <\/strong><\/span><strong><span style=\"text-decoration: underline;\">Combats arbitr\u00e9s<\/span> <\/strong><\/p>\n<div id=\"wpfp_d5e2e698788a0139adf9fa9d7d07fd20\" data-item=\"{&quot;sources&quot;:[{&quot;src&quot;:&quot;http:\\\/\\\/www.gojuryu93.com\\\/wp-content\\\/uploads\\\/sites\\\/5\\\/2016\\\/Vids\\\/Combat_Shotokan._Inter_2013.MOV&quot;,&quot;type&quot;:&quot;video\\\/mp4&quot;}],&quot;splash&quot;:&quot;http:\\\/\\\/interclubs.gojuryu93.com\\\/wp-content\\\/uploads\\\/sites\\\/5\\\/2014\\\/01\\\/logo_tremblay_100x100.png&quot;}\" class=\"flowplayer no-brand is-splash is-paused skin-slim no-svg fp-slim fp-edgy\" data-fvautoplay=\"0\" data-engine=\"flash\" style=\"position:relative; width: 640px; height: 360px; \" data-ratio=\"0.5625\">\n\t<div class=\"fp-ratio\" style=\"padding-top: 56.25%\"><\/div>\n\t<img data-recalc-dims=\"1\" decoding=\"async\" class=\"fp-splash\" alt=\"video\" src=\"https:\/\/i0.wp.com\/interclubs.gojuryu93.com\/wp-content\/uploads\/sites\/5\/2014\/01\/logo_tremblay_100x100.png?w=750\" style=\"position:absolute;top:0;width:100%\" \/>\n\t<div class=\"fp-ui\"><noscript>Please enable JavaScript<\/noscript><div class=\"fp-play fp-visible\"><svg class=\"fp-play-sharp-fill\" xmlns=\"http:\/\/www.w3.org\/2000\/svg\" viewBox=\"0 0 100 100\"><defs><style>.fp-color-play{opacity:0.65;}.controlbutton{fill:#fff;}<\/style><\/defs><title>play-sharp-fill<\/title><path class=\"fp-color-play\" d=\"M49.9217-.078a50,50,0,1,0,50,50A50.0564,50.0564,0,0,0,49.9217-.078Z\"\/><polygon class=\"controlbutton\" points=\"73.601 50 37.968 70.573 37.968 29.427 73.601 50\" filter=\"url(#f1)\"\/><\/svg><\/div><div class=\"fp-preload\"><b><\/b><b><\/b><b><\/b><b><\/b><\/div><\/div>\n<div id=\"wpfp_d5e2e698788a0139adf9fa9d7d07fd20_custom_background\" class=\"wpfp_custom_background\" style=\"background-image: url('http:\/\/interclubs.gojuryu93.com\/wp-content\/uploads\/sites\/5\/2014\/01\/logo_tremblay_100x100.png')\"><\/div>\n<\/div>\n\n<h2 style=\"text-align: center;\"><strong><span style=\"font-size: 14px;\">\u00a9<em> 2013 R\u00e9alisation vid\u00e9o Nathalie Dorville &#8211; Tous droits r\u00e9serv\u00e9s<\/em><\/span><\/strong><\/h2>\n<p style=\"text-align: center;\"><a class=\"maxbutton-10 maxbutton maxbutton-video-bassaida\" rel=\"nofollow noopener\" href=\"\/?page_id=324\"><span class='mb-text'>Vid\u00e9o Suivante<\/span><\/a><\/p>\n","protected":false},"excerpt":{"rendered":"<p>Retrouvez sur cette page et les pages suivantes les vid\u00e9os des d\u00e9monstrations r\u00e9alis\u00e9es par Nathalie Dorville qui nous a gracieusement fournie ces images. D\u00e9monstrations Combats arbitr\u00e9s \u00a9 2013 R\u00e9alisation vid\u00e9o <a class=\"more-link\" href=\"https:\/\/interclubs.gojuryu93.com\/?page_id=92\">Lire la suite \u2192<\/a><\/p>\n","protected":false},"author":1,"featured_media":0,"parent":84,"menu_order":0,"comment_status":"closed","ping_status":"open","template":"page-full-width.php","meta":{"_exactmetrics_skip_tracking":false,"_exactmetrics_sitenote_active":false,"_exactmetrics_sitenote_note":"","_exactmetrics_sitenote_category":0,"footnotes":""},"class_list":["post-92","page","type-page","status-publish","hentry"],"jetpack_sharing_enabled":true,"jetpack_shortlink":"https:\/\/wp.me\/P8jlum-1u","jetpack-related-posts":[{"id":871,"url":"https:\/\/interclubs.gojuryu93.com\/?page_id=871","url_meta":{"origin":92,"position":0},"title":"Kata Empi &#8211;  D\u00e9monstration Shotokan","author":"Team-Goju","date":"1 juin 2014","format":false,"excerpt":"\u00a9 2013 R\u00e9alisation vid\u00e9o Nathalie Dorville \u00a0","rel":"","context":"Article similaire","block_context":{"text":"Article similaire","link":""},"img":{"alt_text":"","src":"","width":0,"height":0},"classes":[]},{"id":874,"url":"https:\/\/interclubs.gojuryu93.com\/?page_id=874","url_meta":{"origin":92,"position":1},"title":"D\u00e9monstration de casse Taekwondo","author":"Team-Goju","date":"1 juin 2014","format":false,"excerpt":"\u00a9 2013 R\u00e9alisation vid\u00e9o Nathalie Dorville","rel":"","context":"Article similaire","block_context":{"text":"Article similaire","link":""},"img":{"alt_text":"","src":"","width":0,"height":0},"classes":[]},{"id":324,"url":"https:\/\/interclubs.gojuryu93.com\/?page_id=324","url_meta":{"origin":92,"position":2},"title":"Kata Bassa\u00ef Da\u00ef &#8211; D\u00e9monstration Shotokan","author":"Team-Goju","date":"30 mai 2014","format":false,"excerpt":"\u00a9 2013 R\u00e9alisation vid\u00e9o par Nathalie Dorville \u00a0","rel":"","context":"Article similaire","block_context":{"text":"Article similaire","link":""},"img":{"alt_text":"","src":"","width":0,"height":0},"classes":[]},{"id":145,"url":"https:\/\/interclubs.gojuryu93.com\/","url_meta":{"origin":92,"position":3},"title":"Bienvenue sur notre interclubs !","author":"Team-Goju","date":"1 janvier 2014","format":false,"excerpt":"Issue d'une volont\u00e9 de cr\u00e9er une \u00e9mulation envers les divers arts martiaux, l'interclub a \u00e9t\u00e9 cr\u00e9\u00e9 \u00e0 l'issue d'une concertation entre des clubs d'origines et de disciplines diff\u00e9rentes. R\u00e9unis autour d'une journ\u00e9e ludique, d\u00e9monstrative et comp\u00e9titive, ces diff\u00e9rentes disciplines se rencontrent le plus souvent possible dans une Coupe Interclubs. Ces\u2026","rel":"","context":"Article similaire","block_context":{"text":"Article similaire","link":""},"img":{"alt_text":"","src":"","width":0,"height":0},"classes":[]},{"id":90,"url":"https:\/\/interclubs.gojuryu93.com\/?page_id=90","url_meta":{"origin":92,"position":4},"title":"Gojuryu diaporama 2013","author":"Team-Goju","date":"30 d\u00e9cembre 2013","format":false,"excerpt":"\u00a92013 - Karat\u00e9 Club Gojuryu de Tremblay-en-France - Photos de Natahalie Dorville. [easy-media med=\"1102\"]\u00a0 Cliquez pour visualiser le diaporama. Patientez pendant le chargement. \u00a0 \/\/ < ![CDATA[ \/\/ < ![CDATA[ \/\/ < ![CDATA[ \/\/ < ![CDATA[ \/\/ \u00a0 Page en cours de chargement...Merci de patienter \u00a0 \u00a0 \/\/ < ![CDATA[\u2026","rel":"","context":"Article similaire","block_context":{"text":"Article similaire","link":""},"img":{"alt_text":"","src":"","width":0,"height":0},"classes":[]},{"id":72,"url":"https:\/\/interclubs.gojuryu93.com\/?page_id=72","url_meta":{"origin":92,"position":5},"title":"Taekwondo de la Go\u00eble","author":"Team-Goju","date":"29 d\u00e9cembre 2013","format":false,"excerpt":"\u00a0 \u00a0 \u00a0 \u00a0 \u00a0 \u00a0 \u00a0 \u00a0 \u00a0 \u00a0 Le Club de Taekwondo de la Go\u00eble situ\u00e9 dans le d\u00e9partement 77 sur les communes de Moussy et de Juilly est coorganisateur des interclubs. Ouvert sur d'autres pratiques que le taekwondo, il prodigue \u00e9galement des cours de karat\u00e9 Goju-ryu et\u2026","rel":"","context":"Article similaire","block_context":{"text":"Article similaire","link":""},"img":{"alt_text":"","src":"https:\/\/i0.wp.com\/www.gojuryu93.com\/wp-content\/uploads\/2015\/11\/logo-tekwando.png?resize=350%2C200","width":350,"height":200},"classes":[]}],"_links":{"self":[{"href":"https:\/\/interclubs.gojuryu93.com\/index.php?rest_route=\/wp\/v2\/pages\/92","targetHints":{"allow":["GET"]}}],"collection":[{"href":"https:\/\/interclubs.gojuryu93.com\/index.php?rest_route=\/wp\/v2\/pages"}],"about":[{"href":"https:\/\/interclubs.gojuryu93.com\/index.php?rest_route=\/wp\/v2\/types\/page"}],"author":[{"embeddable":true,"href":"https:\/\/interclubs.gojuryu93.com\/index.php?rest_route=\/wp\/v2\/users\/1"}],"replies":[{"embeddable":true,"href":"https:\/\/interclubs.gojuryu93.com\/index.php?rest_route=%2Fwp%2Fv2%2Fcomments&post=92"}],"version-history":[{"count":0,"href":"https:\/\/interclubs.gojuryu93.com\/index.php?rest_route=\/wp\/v2\/pages\/92\/revisions"}],"up":[{"embeddable":true,"href":"https:\/\/interclubs.gojuryu93.com\/index.php?rest_route=\/wp\/v2\/pages\/84"}],"wp:attachment":[{"href":"https:\/\/interclubs.gojuryu93.com\/index.php?rest_route=%2Fwp%2Fv2%2Fmedia&parent=92"}],"curies":[{"name":"wp","href":"https:\/\/api.w.org\/{rel}","templated":true}]}}