{"id":74,"date":"2013-12-29T23:58:39","date_gmt":"2013-12-29T22:58:39","guid":{"rendered":"http:\/\/localhost\/Wordpres_EKewaka\/?page_id=74"},"modified":"2017-01-09T00:21:52","modified_gmt":"2017-01-08T23:21:52","slug":"karate-gojuryu-de-tremblay-en-france","status":"publish","type":"page","link":"https:\/\/interclubs.gojuryu93.com\/?page_id=74","title":{"rendered":"Karat\u00e9 Gojuryu de Tremblay en France"},"content":{"rendered":"<h3 style=\"text-align: center;\"><a href=\"http:\/\/www.gojuryu93.com\" target=\"_blank\"><img data-recalc-dims=\"1\" loading=\"lazy\" decoding=\"async\" data-attachment-id=\"1291\" data-permalink=\"https:\/\/interclubs.gojuryu93.com\/?attachment_id=1291#main\" data-orig-file=\"https:\/\/i0.wp.com\/interclubs.gojuryu93.com\/wp-content\/uploads\/sites\/5\/2014\/01\/Bani%C3%A8re-ktf.png?fit=1093%2C158&amp;ssl=1\" data-orig-size=\"1093,158\" data-comments-opened=\"0\" data-image-meta=\"{&quot;aperture&quot;:&quot;0&quot;,&quot;credit&quot;:&quot;&quot;,&quot;camera&quot;:&quot;&quot;,&quot;caption&quot;:&quot;&quot;,&quot;created_timestamp&quot;:&quot;0&quot;,&quot;copyright&quot;:&quot;&quot;,&quot;focal_length&quot;:&quot;0&quot;,&quot;iso&quot;:&quot;0&quot;,&quot;shutter_speed&quot;:&quot;0&quot;,&quot;title&quot;:&quot;&quot;,&quot;orientation&quot;:&quot;0&quot;}\" data-image-title=\"Bani\u00e8re ktf\" data-image-description=\"\" data-image-caption=\"\" data-large-file=\"https:\/\/i0.wp.com\/interclubs.gojuryu93.com\/wp-content\/uploads\/sites\/5\/2014\/01\/Bani%C3%A8re-ktf.png?fit=750%2C108&amp;ssl=1\" class=\"wp-image-1291 alignleft\" src=\"https:\/\/i0.wp.com\/interclubs.gojuryu93.com\/wp-content\/uploads\/sites\/5\/2014\/01\/Bani%C3%A8re-ktf.png?resize=718%2C103\" alt=\"Bani\u00e8re ktf\" width=\"718\" height=\"103\" srcset=\"https:\/\/i0.wp.com\/interclubs.gojuryu93.com\/wp-content\/uploads\/sites\/5\/2014\/01\/Bani%C3%A8re-ktf.png?resize=300%2C43&amp;ssl=1 300w, https:\/\/i0.wp.com\/interclubs.gojuryu93.com\/wp-content\/uploads\/sites\/5\/2014\/01\/Bani%C3%A8re-ktf.png?resize=768%2C111&amp;ssl=1 768w, https:\/\/i0.wp.com\/interclubs.gojuryu93.com\/wp-content\/uploads\/sites\/5\/2014\/01\/Bani%C3%A8re-ktf.png?resize=1024%2C148&amp;ssl=1 1024w, https:\/\/i0.wp.com\/interclubs.gojuryu93.com\/wp-content\/uploads\/sites\/5\/2014\/01\/Bani%C3%A8re-ktf.png?w=1093&amp;ssl=1 1093w\" sizes=\"auto, (max-width: 718px) 100vw, 718px\" \/><\/a><\/h3>\n<h3 style=\"text-align: center;\"><\/h3>\n<p style=\"text-align: left;\"><span style=\"font-size: 12pt;\">Unique club du d\u00e9partement de la Seine Saint Denis \u00e0 offrir la pratique du Karat\u00e9 Goju-ryu, le Club de Karat\u00e9 de Tremblay-en-France vous permettra de d\u00e9couvrir cette pratique du karat\u00e9 originel d&rsquo;Okinawa.<\/span><\/p>\n<p style=\"text-align: left;\"><span style=\"font-size: 12pt;\">Vous pourrez \u00e9galement vous essayer \u00e0 la pratique des armes traditionnelles avec la section Kobudo, au programme : B\u00f4, Sa\u00ef, Nunchaku, Tonfa, Kama et autre armes agraires tr\u00e8s efficaces dans pratique des arts martiaux.<\/span><\/p>\n<p><span style=\"font-size: 12pt;\">Des professeurs dipl\u00f4m\u00e9s et exp\u00e9riment\u00e9s vous enseigneront ces diverses facettes des arts martiaux d&rsquo;Okinawa.<\/span><\/p>\n<p><span style=\"font-size: 12pt;\">Le club organise \u00e9galement tout au long de l&rsquo;ann\u00e9e des stages de perfectionnements, de d\u00e9couverte ou des stages f\u00e9d\u00e9raux en partenariat avec les meilleurs experts nationaux.<\/span><\/p>\n<p>&nbsp;<br \/>\n<center><\/p>\n<table class=\"aligncenter\" style=\"height: 246px;\" width=\"529\">\n<tbody>\n<tr style=\"height: 300px;\">\n<td style=\"width: 256.5px; height: 300px;\"><img data-recalc-dims=\"1\" loading=\"lazy\" decoding=\"async\" data-attachment-id=\"2393\" data-permalink=\"https:\/\/interclubs.gojuryu93.com\/?attachment_id=2393#main\" data-orig-file=\"https:\/\/i0.wp.com\/interclubs.gojuryu93.com\/wp-content\/uploads\/sites\/5\/2013\/12\/e-vidal-1.jpg?fit=227%2C318&amp;ssl=1\" data-orig-size=\"227,318\" data-comments-opened=\"0\" data-image-meta=\"{&quot;aperture&quot;:&quot;0&quot;,&quot;credit&quot;:&quot;&quot;,&quot;camera&quot;:&quot;&quot;,&quot;caption&quot;:&quot;&quot;,&quot;created_timestamp&quot;:&quot;1483915779&quot;,&quot;copyright&quot;:&quot;&quot;,&quot;focal_length&quot;:&quot;0&quot;,&quot;iso&quot;:&quot;0&quot;,&quot;shutter_speed&quot;:&quot;0&quot;,&quot;title&quot;:&quot;&quot;,&quot;orientation&quot;:&quot;1&quot;}\" data-image-title=\"e-vidal\" data-image-description=\"\" data-image-caption=\"\" data-large-file=\"https:\/\/i0.wp.com\/interclubs.gojuryu93.com\/wp-content\/uploads\/sites\/5\/2013\/12\/e-vidal-1.jpg?fit=227%2C318&amp;ssl=1\" class=\"aligncenter wp-image-2393 size-medium\" title=\"Eric Vidal\" src=\"https:\/\/i0.wp.com\/interclubs.gojuryu93.com\/wp-content\/uploads\/sites\/5\/2013\/12\/e-vidal-1.jpg?resize=214%2C300\" width=\"214\" height=\"300\" srcset=\"https:\/\/i0.wp.com\/interclubs.gojuryu93.com\/wp-content\/uploads\/sites\/5\/2013\/12\/e-vidal-1.jpg?resize=214%2C300&amp;ssl=1 214w, https:\/\/i0.wp.com\/interclubs.gojuryu93.com\/wp-content\/uploads\/sites\/5\/2013\/12\/e-vidal-1.jpg?w=227&amp;ssl=1 227w\" sizes=\"auto, (max-width: 214px) 100vw, 214px\" \/><\/td>\n<td style=\"width: 256.5px; height: 300px;\"><img data-recalc-dims=\"1\" loading=\"lazy\" decoding=\"async\" data-attachment-id=\"2395\" data-permalink=\"https:\/\/interclubs.gojuryu93.com\/?attachment_id=2395#main\" data-orig-file=\"https:\/\/i0.wp.com\/interclubs.gojuryu93.com\/wp-content\/uploads\/sites\/5\/2013\/12\/O-chaumont-1.jpg?fit=247%2C346&amp;ssl=1\" data-orig-size=\"247,346\" data-comments-opened=\"0\" data-image-meta=\"{&quot;aperture&quot;:&quot;0&quot;,&quot;credit&quot;:&quot;&quot;,&quot;camera&quot;:&quot;&quot;,&quot;caption&quot;:&quot;&quot;,&quot;created_timestamp&quot;:&quot;1483915934&quot;,&quot;copyright&quot;:&quot;&quot;,&quot;focal_length&quot;:&quot;0&quot;,&quot;iso&quot;:&quot;0&quot;,&quot;shutter_speed&quot;:&quot;0&quot;,&quot;title&quot;:&quot;&quot;,&quot;orientation&quot;:&quot;1&quot;}\" data-image-title=\"O-chaumont\" data-image-description=\"\" data-image-caption=\"\" data-large-file=\"https:\/\/i0.wp.com\/interclubs.gojuryu93.com\/wp-content\/uploads\/sites\/5\/2013\/12\/O-chaumont-1.jpg?fit=247%2C346&amp;ssl=1\" class=\"aligncenter wp-image-2395 size-medium\" title=\"Olivier Chaumont\" src=\"https:\/\/i0.wp.com\/interclubs.gojuryu93.com\/wp-content\/uploads\/sites\/5\/2013\/12\/O-chaumont-1.jpg?resize=214%2C300\" width=\"214\" height=\"300\" srcset=\"https:\/\/i0.wp.com\/interclubs.gojuryu93.com\/wp-content\/uploads\/sites\/5\/2013\/12\/O-chaumont-1.jpg?resize=214%2C300&amp;ssl=1 214w, https:\/\/i0.wp.com\/interclubs.gojuryu93.com\/wp-content\/uploads\/sites\/5\/2013\/12\/O-chaumont-1.jpg?w=247&amp;ssl=1 247w\" sizes=\"auto, (max-width: 214px) 100vw, 214px\" \/><\/td>\n<\/tr>\n<tr style=\"height: 300.317px;\">\n<td style=\"width: 256.5px; height: 300.317px;\"><img data-recalc-dims=\"1\" loading=\"lazy\" decoding=\"async\" data-attachment-id=\"2394\" data-permalink=\"https:\/\/interclubs.gojuryu93.com\/?attachment_id=2394#main\" data-orig-file=\"https:\/\/i0.wp.com\/interclubs.gojuryu93.com\/wp-content\/uploads\/sites\/5\/2013\/12\/h-biancardini-1.jpg?fit=363%2C509&amp;ssl=1\" data-orig-size=\"363,509\" data-comments-opened=\"0\" data-image-meta=\"{&quot;aperture&quot;:&quot;0&quot;,&quot;credit&quot;:&quot;&quot;,&quot;camera&quot;:&quot;&quot;,&quot;caption&quot;:&quot;&quot;,&quot;created_timestamp&quot;:&quot;1483915664&quot;,&quot;copyright&quot;:&quot;&quot;,&quot;focal_length&quot;:&quot;0&quot;,&quot;iso&quot;:&quot;0&quot;,&quot;shutter_speed&quot;:&quot;0&quot;,&quot;title&quot;:&quot;&quot;,&quot;orientation&quot;:&quot;1&quot;}\" data-image-title=\"h-biancardini\" data-image-description=\"\" data-image-caption=\"\" data-large-file=\"https:\/\/i0.wp.com\/interclubs.gojuryu93.com\/wp-content\/uploads\/sites\/5\/2013\/12\/h-biancardini-1.jpg?fit=363%2C509&amp;ssl=1\" class=\"aligncenter wp-image-2394 size-medium\" title=\"Henri Biancardini\" src=\"https:\/\/i0.wp.com\/interclubs.gojuryu93.com\/wp-content\/uploads\/sites\/5\/2013\/12\/h-biancardini-1.jpg?resize=214%2C300\" width=\"214\" height=\"300\" srcset=\"https:\/\/i0.wp.com\/interclubs.gojuryu93.com\/wp-content\/uploads\/sites\/5\/2013\/12\/h-biancardini-1.jpg?resize=214%2C300&amp;ssl=1 214w, https:\/\/i0.wp.com\/interclubs.gojuryu93.com\/wp-content\/uploads\/sites\/5\/2013\/12\/h-biancardini-1.jpg?w=363&amp;ssl=1 363w\" sizes=\"auto, (max-width: 214px) 100vw, 214px\" \/><\/td>\n<td style=\"width: 256.5px; height: 300.317px;\"><img data-recalc-dims=\"1\" loading=\"lazy\" decoding=\"async\" data-attachment-id=\"2392\" data-permalink=\"https:\/\/interclubs.gojuryu93.com\/?attachment_id=2392#main\" data-orig-file=\"https:\/\/i0.wp.com\/interclubs.gojuryu93.com\/wp-content\/uploads\/sites\/5\/2013\/12\/Daniel-1.jpg?fit=377%2C528&amp;ssl=1\" data-orig-size=\"377,528\" data-comments-opened=\"0\" data-image-meta=\"{&quot;aperture&quot;:&quot;0&quot;,&quot;credit&quot;:&quot;&quot;,&quot;camera&quot;:&quot;&quot;,&quot;caption&quot;:&quot;&quot;,&quot;created_timestamp&quot;:&quot;1483915978&quot;,&quot;copyright&quot;:&quot;&quot;,&quot;focal_length&quot;:&quot;0&quot;,&quot;iso&quot;:&quot;0&quot;,&quot;shutter_speed&quot;:&quot;0&quot;,&quot;title&quot;:&quot;&quot;,&quot;orientation&quot;:&quot;1&quot;}\" data-image-title=\"Daniel\" data-image-description=\"\" data-image-caption=\"\" data-large-file=\"https:\/\/i0.wp.com\/interclubs.gojuryu93.com\/wp-content\/uploads\/sites\/5\/2013\/12\/Daniel-1.jpg?fit=377%2C528&amp;ssl=1\" class=\"aligncenter wp-image-2392 size-medium\" title=\"Daniel Derweduez \" src=\"https:\/\/i0.wp.com\/interclubs.gojuryu93.com\/wp-content\/uploads\/sites\/5\/2013\/12\/Daniel-1.jpg?resize=214%2C300\" width=\"214\" height=\"300\" srcset=\"https:\/\/i0.wp.com\/interclubs.gojuryu93.com\/wp-content\/uploads\/sites\/5\/2013\/12\/Daniel-1.jpg?resize=214%2C300&amp;ssl=1 214w, https:\/\/i0.wp.com\/interclubs.gojuryu93.com\/wp-content\/uploads\/sites\/5\/2013\/12\/Daniel-1.jpg?w=377&amp;ssl=1 377w\" sizes=\"auto, (max-width: 214px) 100vw, 214px\" \/><\/td>\n<\/tr>\n<\/tbody>\n<\/table>\n<p><\/center><br \/>\n&nbsp;<\/p>\n<p>&nbsp;<\/p>\n<p>&nbsp;<\/p>\n<p>&nbsp;<\/p>\n<p>&nbsp;<\/p>\n<p>&nbsp;<\/p>\n<p>&nbsp;<\/p>\n<p>&nbsp;<\/p>\n<p style=\"text-align: center;\"><a class=\"maxbutton-3 maxbutton maxbutton-gojuryu93-com\" target=\"_blank\" title=\"Ici c&#039;est notre Club ! Cliquer pour voir\" rel=\"nofollow noopener\" href=\"http:\/\/gojuryu93.com\/\"><span class='mb-text'>Karat\u00e9 Club de Tremblay en France<\/span><\/a><\/p>\n","protected":false},"excerpt":{"rendered":"<p>Unique club du d\u00e9partement de la Seine Saint Denis \u00e0 offrir la pratique du Karat\u00e9 Goju-ryu, le Club de Karat\u00e9 de Tremblay-en-France vous permettra de d\u00e9couvrir cette pratique du karat\u00e9 <a class=\"more-link\" href=\"https:\/\/interclubs.gojuryu93.com\/?page_id=74\">Lire la suite \u2192<\/a><\/p>\n","protected":false},"author":1,"featured_media":0,"parent":63,"menu_order":0,"comment_status":"closed","ping_status":"open","template":"","meta":{"_exactmetrics_skip_tracking":false,"_exactmetrics_sitenote_active":false,"_exactmetrics_sitenote_note":"","_exactmetrics_sitenote_category":0,"footnotes":""},"class_list":["post-74","page","type-page","status-publish","hentry"],"jetpack_sharing_enabled":true,"jetpack_shortlink":"https:\/\/wp.me\/P8jlum-1c","jetpack-related-posts":[{"id":72,"url":"https:\/\/interclubs.gojuryu93.com\/?page_id=72","url_meta":{"origin":74,"position":0},"title":"Taekwondo de la Go\u00eble","author":"Team-Goju","date":"29 d\u00e9cembre 2013","format":false,"excerpt":"\u00a0 \u00a0 \u00a0 \u00a0 \u00a0 \u00a0 \u00a0 \u00a0 \u00a0 \u00a0 Le Club de Taekwondo de la Go\u00eble situ\u00e9 dans le d\u00e9partement 77 sur les communes de Moussy et de Juilly est coorganisateur des interclubs. Ouvert sur d'autres pratiques que le taekwondo, il prodigue \u00e9galement des cours de karat\u00e9 Goju-ryu et\u2026","rel":"","context":"Article similaire","block_context":{"text":"Article similaire","link":""},"img":{"alt_text":"","src":"https:\/\/i0.wp.com\/www.gojuryu93.com\/wp-content\/uploads\/2015\/11\/logo-tekwando.png?resize=350%2C200","width":350,"height":200},"classes":[]},{"id":7,"url":"https:\/\/interclubs.gojuryu93.com\/?page_id=7","url_meta":{"origin":74,"position":1},"title":"A propos de l&rsquo;interclubs","author":"Team-Goju","date":"26 d\u00e9cembre 2013","format":false,"excerpt":"R\u00e9union de clubs pratiquants des arts martiaux, l\u2019objectif de cet interclubs est de d\u00e9montrer que toutes les disciplines sont capables de se r\u00e9unir, de se rencontrer, d\u2019\u00e9changer et de pratiquer sous une m\u00eame ferveur la pratique de leurs diff\u00e9rentes disciplines. Initi\u00e9 par le Karat\u00e9 Club de Tremblay-en-France et le Club\u2026","rel":"","context":"Article similaire","block_context":{"text":"Article similaire","link":""},"img":{"alt_text":"coupe-ekewakando","src":"https:\/\/i0.wp.com\/interclubs.gojuryu93.com\/wp-content\/uploads\/sites\/5\/2013\/12\/coupe-ekewakando-300x248.jpg?resize=350%2C200","width":350,"height":200,"srcset":"https:\/\/i0.wp.com\/interclubs.gojuryu93.com\/wp-content\/uploads\/sites\/5\/2013\/12\/coupe-ekewakando-300x248.jpg?resize=350%2C200 1x, https:\/\/i0.wp.com\/interclubs.gojuryu93.com\/wp-content\/uploads\/sites\/5\/2013\/12\/coupe-ekewakando-300x248.jpg?resize=525%2C300 1.5x, https:\/\/i0.wp.com\/interclubs.gojuryu93.com\/wp-content\/uploads\/sites\/5\/2013\/12\/coupe-ekewakando-300x248.jpg?resize=700%2C400 2x"},"classes":[]},{"id":1114,"url":"https:\/\/interclubs.gojuryu93.com\/?page_id=1114","url_meta":{"origin":74,"position":2},"title":"Mentions l\u00e9gales","author":"Team-Goju","date":"14 juin 2014","format":false,"excerpt":"Ce site est h\u00e9berg\u00e9 et r\u00e9alis\u00e9 par Le Karat\u00e9 Club de Tremblay en France\u00a0 sur un serveur fourni par : OVH SAS au capital de 10\u00a0059\u00a0500\u00a0\u20ac RCS Lille M\u00e9tropole 424 761 419 00045 Code APE 6202A N\u00b0 TVA : FR 22 424 761 419 Si\u00e8ge social : 2 rue Kellermann\u2026","rel":"","context":"Article similaire","block_context":{"text":"Article similaire","link":""},"img":{"alt_text":"","src":"","width":0,"height":0},"classes":[]},{"id":2571,"url":"https:\/\/interclubs.gojuryu93.com\/?page_id=2571","url_meta":{"origin":74,"position":3},"title":"Sites du Karat\u00e9 Club de Tremblay-en-France non actualis\u00e9s","author":"Team-Goju","date":"2 novembre 2018","format":false,"excerpt":"Vous l'avez certainement remarqu\u00e9 depuis quelques mois nos sites ne sont plus actualis\u00e9s. Faute de r\u00e9dacteurs et de bonnes volont\u00e9s, nous mettons ces sites en stand-by dans l'attente de repreneurs. De plus les sites ont r\u00e9cemment connu des probl\u00e8mes techniques qui ont nuit gravement au fonctionnement. Gr\u00e2ce \u00e0 l'intervention du\u2026","rel":"","context":"Article similaire","block_context":{"text":"Article similaire","link":""},"img":{"alt_text":"","src":"https:\/\/i0.wp.com\/interclubs.gojuryu93.com\/wp-content\/uploads\/sites\/5\/2018\/11\/reparwordpress.png?fit=225%2C225&ssl=1&resize=350%2C200","width":350,"height":200},"classes":[]},{"id":145,"url":"https:\/\/interclubs.gojuryu93.com\/","url_meta":{"origin":74,"position":4},"title":"Bienvenue sur notre interclubs !","author":"Team-Goju","date":"1 janvier 2014","format":false,"excerpt":"Issue d'une volont\u00e9 de cr\u00e9er une \u00e9mulation envers les divers arts martiaux, l'interclub a \u00e9t\u00e9 cr\u00e9\u00e9 \u00e0 l'issue d'une concertation entre des clubs d'origines et de disciplines diff\u00e9rentes. R\u00e9unis autour d'une journ\u00e9e ludique, d\u00e9monstrative et comp\u00e9titive, ces diff\u00e9rentes disciplines se rencontrent le plus souvent possible dans une Coupe Interclubs. Ces\u2026","rel":"","context":"Article similaire","block_context":{"text":"Article similaire","link":""},"img":{"alt_text":"","src":"","width":0,"height":0},"classes":[]},{"id":270,"url":"https:\/\/interclubs.gojuryu93.com\/?page_id=270","url_meta":{"origin":74,"position":5},"title":"Copyright","author":"Team-Goju","date":"26 mai 2014","format":false,"excerpt":"Tous les textes, photographies et documents pr\u00e9sents sur ce site sont propri\u00e9t\u00e9s du Karat\u00e9 Club de Tremblay-en-France et de leurs auteurs respectifs. Copies interdites sans autorisation du Karat\u00e9 Club de Tremblay-en-France ou des auteurs. \u00a9 2011 - 2017 - Karat\u00e9 Club de Tremblay-en-France - Tous droits r\u00e9serv\u00e9s. Sonorisations \u00e9ventuelles du\u2026","rel":"","context":"Article similaire","block_context":{"text":"Article similaire","link":""},"img":{"alt_text":"","src":"https:\/\/i0.wp.com\/ekewakando.free.fr\/wp-content\/uploads\/copyright_6.jpg?resize=350%2C200","width":350,"height":200},"classes":[]}],"_links":{"self":[{"href":"https:\/\/interclubs.gojuryu93.com\/index.php?rest_route=\/wp\/v2\/pages\/74","targetHints":{"allow":["GET"]}}],"collection":[{"href":"https:\/\/interclubs.gojuryu93.com\/index.php?rest_route=\/wp\/v2\/pages"}],"about":[{"href":"https:\/\/interclubs.gojuryu93.com\/index.php?rest_route=\/wp\/v2\/types\/page"}],"author":[{"embeddable":true,"href":"https:\/\/interclubs.gojuryu93.com\/index.php?rest_route=\/wp\/v2\/users\/1"}],"replies":[{"embeddable":true,"href":"https:\/\/interclubs.gojuryu93.com\/index.php?rest_route=%2Fwp%2Fv2%2Fcomments&post=74"}],"version-history":[{"count":0,"href":"https:\/\/interclubs.gojuryu93.com\/index.php?rest_route=\/wp\/v2\/pages\/74\/revisions"}],"up":[{"embeddable":true,"href":"https:\/\/interclubs.gojuryu93.com\/index.php?rest_route=\/wp\/v2\/pages\/63"}],"wp:attachment":[{"href":"https:\/\/interclubs.gojuryu93.com\/index.php?rest_route=%2Fwp%2Fv2%2Fmedia&parent=74"}],"curies":[{"name":"wp","href":"https:\/\/api.w.org\/{rel}","templated":true}]}}