{"id":72,"date":"2013-12-29T23:57:45","date_gmt":"2013-12-29T22:57:45","guid":{"rendered":"http:\/\/localhost\/Wordpres_EKewaka\/?page_id=72"},"modified":"2017-01-08T22:18:02","modified_gmt":"2017-01-08T21:18:02","slug":"taekwondo-de-la-goelle","status":"publish","type":"page","link":"https:\/\/interclubs.gojuryu93.com\/?page_id=72","title":{"rendered":"Taekwondo de la Go\u00eble"},"content":{"rendered":"<table style=\"height: 2669px; width: 820.033px;\">\n<tbody>\n<tr>\n<td style=\"width: 10px; text-align: center;\" rowspan=\"3\">&nbsp;<\/p>\n<p>&nbsp;<\/p>\n<p>&nbsp;<\/p>\n<p>&nbsp;<\/p>\n<p>&nbsp;<\/p>\n<p>&nbsp;<\/p>\n<p>&nbsp;<\/p>\n<p>&nbsp;<\/p>\n<p>&nbsp;<\/p>\n<p>&nbsp;<\/td>\n<td style=\"width: 792.033px;\">\n<p style=\"text-align: left;\"><a href=\"http:\/\/www.taekwondo-moussy-juilly.fr\/accueil.html\"><img data-recalc-dims=\"1\" loading=\"lazy\" decoding=\"async\" class=\"alignright\" src=\"https:\/\/i0.wp.com\/www.gojuryu93.com\/wp-content\/uploads\/2015\/11\/logo-tekwando.png?resize=208%2C208\" width=\"208\" height=\"208\" \/><\/a><\/p>\n<p style=\"text-align: left;\"><a href=\"https:\/\/www.facebook.com\/tsk.delagoele\"><img loading=\"lazy\" decoding=\"async\" class=\"spotlight alignleft\" src=\"https:\/\/scontent-cdg2-1.xx.fbcdn.net\/v\/t31.0-8\/13559053_149362858818912_3894868650800842253_o.jpg?oh=f32d5f99fcd6cd143a65aeb3ba06bf46&amp;oe=591DB485\" alt=\"L\u2019image contient peut-\u00eatre\u00a0: 2 personnes, texte\" width=\"211\" height=\"158\" \/><\/a><\/p>\n<p style=\"text-align: left;\">Le Club de Taekwondo de la Go\u00eble situ\u00e9 dans le d\u00e9partement 77 sur les communes de Moussy et de Juilly est coorganisateur des interclubs. Ouvert sur d&rsquo;autres pratiques que le taekwondo, il prodigue \u00e9galement des cours de karat\u00e9 Goju-ryu et de self-d\u00e9fense en situation.<\/p>\n<div style=\"width: 103px\" class=\"wp-caption alignleft\"><img data-recalc-dims=\"1\" loading=\"lazy\" decoding=\"async\" class=\"wsg_noteimage png\" src=\"https:\/\/i0.wp.com\/f3.quomodo.com\/2FAD629C\/uploads\/35\/130904_220256.jpg?resize=93%2C124\" width=\"93\" height=\"124\" align=\"left\" \/><p class=\"wp-caption-text\">Norbert Cosse <span style=\"font-size: 8pt;\">6<sup>\u00e8me<\/sup> dan FFTDA<\/span><\/p><\/div>\n<p style=\"text-align: left;\">La section karat\u00e9 enfants\/ados Goju-ryu rejoint chaque fin saison la \u00ab\u00a0Coupe des As\u00a0\u00bb organis\u00e9e par le Karat\u00e9 Club de Tremblay-en-France pour une rencontre ludique.<\/p>\n<p style=\"text-align: left;\">Chaque ann\u00e9e est \u00e9galement organis\u00e9e par le Club de Taekwondo de la Go\u00eble une nuit des arts martiaux ou on retrouve r\u00e9guli\u00e8rement de grands maitres du taekwondo qui se d\u00e9placent de Cor\u00e9e pour l\u2019\u00e9v\u00e9nement. Le karat\u00e9 Club de Tremblay-en-France y pr\u00e9sente des d\u00e9monstrations de Karat\u00e9 Goju-ryu et de Kobudo d&rsquo;Okinawa.<\/p>\n<p>En juin 2016, l&rsquo;\u00e9quipe de France cadet-junior a particip\u00e9 \u00e0 une superbe d\u00e9monstration lors de ce festival.<\/td>\n<\/tr>\n<tr>\n<td style=\"width: 792.033px;\">\n<p style=\"text-align: center;\"><video controls=\"controls\" width=\"700\" height=\"420\"><source src=\"http:\/\/www.gojuryu93.com\/wp-content\/uploads\/sites\/5\/2017\/videos\/Demo_FranceTaek_juilly_2016_yout.mp4\" type=\"video\/mp4\" \/><\/video><\/p>\n<p style=\"text-align: center;\"><strong><span style=\"font-size: 10pt;\"><em>\u00a9 Taekwondo de la Go\u00eble &#8211; FFTDA<\/em> <\/span><\/strong><\/p>\n<\/td>\n<\/tr>\n<tr>\n<td style=\"width: 792.033px; text-align: center;\"><a href=\"http:\/\/www.taekwondo-moussy-juilly.fr\/le-club\/enseignants.html\"><img data-recalc-dims=\"1\" loading=\"lazy\" decoding=\"async\" data-attachment-id=\"2366\" data-permalink=\"https:\/\/interclubs.gojuryu93.com\/?attachment_id=2366#main\" data-orig-file=\"https:\/\/i0.wp.com\/interclubs.gojuryu93.com\/wp-content\/uploads\/sites\/5\/2013\/12\/Taekwondo_capt.jpg?fit=509%2C874&amp;ssl=1\" data-orig-size=\"509,874\" data-comments-opened=\"0\" data-image-meta=\"{&quot;aperture&quot;:&quot;0&quot;,&quot;credit&quot;:&quot;&quot;,&quot;camera&quot;:&quot;&quot;,&quot;caption&quot;:&quot;&quot;,&quot;created_timestamp&quot;:&quot;0&quot;,&quot;copyright&quot;:&quot;&quot;,&quot;focal_length&quot;:&quot;0&quot;,&quot;iso&quot;:&quot;0&quot;,&quot;shutter_speed&quot;:&quot;0&quot;,&quot;title&quot;:&quot;&quot;,&quot;orientation&quot;:&quot;0&quot;}\" data-image-title=\"Taekwondo_capt\" data-image-description=\"\" data-image-caption=\"\" data-large-file=\"https:\/\/i0.wp.com\/interclubs.gojuryu93.com\/wp-content\/uploads\/sites\/5\/2013\/12\/Taekwondo_capt.jpg?fit=509%2C874&amp;ssl=1\" class=\"wp-image-2366 aligncenter\" src=\"https:\/\/i0.wp.com\/interclubs.gojuryu93.com\/wp-content\/uploads\/sites\/5\/2013\/12\/Taekwondo_capt.jpg?resize=712%2C1221\" width=\"712\" height=\"1221\" srcset=\"https:\/\/i0.wp.com\/interclubs.gojuryu93.com\/wp-content\/uploads\/sites\/5\/2013\/12\/Taekwondo_capt.jpg?resize=175%2C300&amp;ssl=1 175w, https:\/\/i0.wp.com\/interclubs.gojuryu93.com\/wp-content\/uploads\/sites\/5\/2013\/12\/Taekwondo_capt.jpg?w=509&amp;ssl=1 509w\" sizes=\"auto, (max-width: 712px) 100vw, 712px\" \/><\/a><\/p>\n<p><span style=\"font-size: 10pt;\"><em><a href=\"http:\/\/www.taekwondo-moussy-juilly.fr\">http:\/\/www.taekwondo-moussy-juilly.fr<\/a><\/em><\/span><\/td>\n<\/tr>\n<tr>\n<td style=\"width: 802.033px; text-align: center;\" colspan=\"2\">\n<div class=\"mceTemp\"><\/div>\n<p><div style=\"width: 117px\" class=\"wp-caption aligncenter\"><a href=\"http:\/\/www.fftda.fr\/\"><img loading=\"lazy\" decoding=\"async\" class=\"_4jhq img\" src=\"https:\/\/scontent-cdg2-1.xx.fbcdn.net\/v\/t1.0-1\/c0.1.200.200\/p200x200\/11101870_10152802460190925_6832952890320591515_n.jpg?oh=e534d71f056385bc7580b852be6c3818&amp;oe=58E6F6C0\" width=\"107\" height=\"107\" \/><\/a><p class=\"wp-caption-text\"><span style=\"font-size: 8pt;\"><em><a href=\"http:\/\/www.fftda.fr\/\">Un club agr\u00e9\u00e9 FFTDA<\/a><\/em><\/span><\/p><\/div><\/td>\n<\/tr>\n<\/tbody>\n<\/table>\n<p>&nbsp;<\/p>\n<p>&nbsp;<\/p>\n<div class=\"mceTemp\"><\/div>\n<p>&nbsp;<\/p>\n<p>&nbsp;<\/p>\n<p>&nbsp;<\/p>\n<p>&nbsp;<\/p>\n<p>&nbsp;<\/p>\n","protected":false},"excerpt":{"rendered":"<p>&nbsp; &nbsp; &nbsp; &nbsp; &nbsp; &nbsp; &nbsp; &nbsp; &nbsp; &nbsp; Le Club de Taekwondo de la Go\u00eble situ\u00e9 dans le d\u00e9partement 77 sur les communes de Moussy et de Juilly <a class=\"more-link\" href=\"https:\/\/interclubs.gojuryu93.com\/?page_id=72\">Lire la suite \u2192<\/a><\/p>\n","protected":false},"author":1,"featured_media":0,"parent":63,"menu_order":0,"comment_status":"closed","ping_status":"open","template":"","meta":{"_exactmetrics_skip_tracking":false,"_exactmetrics_sitenote_active":false,"_exactmetrics_sitenote_note":"","_exactmetrics_sitenote_category":0,"footnotes":""},"class_list":["post-72","page","type-page","status-publish","hentry"],"jetpack_sharing_enabled":true,"jetpack_shortlink":"https:\/\/wp.me\/P8jlum-1a","jetpack-related-posts":[{"id":86,"url":"https:\/\/interclubs.gojuryu93.com\/?page_id=86","url_meta":{"origin":72,"position":0},"title":"Taekwondo diaporama 2013","author":"Team-Goju","date":"30 d\u00e9cembre 2013","format":false,"excerpt":"\u00a9 2013 - Club de Taekwondo de la Go\u00eble. [easy-media med=\"1092\"] \/\/ < ![CDATA[ \/\/ < ![CDATA[ \/\/ < ![CDATA[ \/\/ < ![CDATA[ \/\/ < ![CDATA[ \/\/ Cliquez pour visualiser le diaporama. Patientez pendant le chargement. Page en cours de chargement...Merci de patienter \u00a0 \u00a0 \/\/ < ![CDATA[ \/\/ <\u2026","rel":"","context":"Article similaire","block_context":{"text":"Article similaire","link":""},"img":{"alt_text":"","src":"","width":0,"height":0},"classes":[]},{"id":21,"url":"https:\/\/interclubs.gojuryu93.com\/?page_id=21","url_meta":{"origin":72,"position":1},"title":"Coordonn\u00e9es des clubs participants","author":"Team-Goju","date":"29 d\u00e9cembre 2013","format":false,"excerpt":"\u00a0 \u00a0 Karat\u00e9 Club de Tremblay en France 93290 Tremblay-en-France. Pr\u00e9sident : Henri Biancardini T\u00e9l. Portable : 06 15 99 57 32 Sites : http:\/\/www.gojuryu93.com http:\/\/www.gojuryu93.fr http:\/\/interclubs.gojuryu93.com \u00a0 \u00a0 \u00a0 BMKDO Pr\u00e9sident : Bertrand Daniel T\u00e9l. Portable : 06 67 84 55 34 Vice Pr\u00e9sident : Rocco Di Manno (Coordinateur\u2026","rel":"","context":"Article similaire","block_context":{"text":"Article similaire","link":""},"img":{"alt_text":"","src":"","width":0,"height":0},"classes":[]},{"id":874,"url":"https:\/\/interclubs.gojuryu93.com\/?page_id=874","url_meta":{"origin":72,"position":2},"title":"D\u00e9monstration de casse Taekwondo","author":"Team-Goju","date":"1 juin 2014","format":false,"excerpt":"\u00a9 2013 R\u00e9alisation vid\u00e9o Nathalie Dorville","rel":"","context":"Article similaire","block_context":{"text":"Article similaire","link":""},"img":{"alt_text":"","src":"","width":0,"height":0},"classes":[]},{"id":7,"url":"https:\/\/interclubs.gojuryu93.com\/?page_id=7","url_meta":{"origin":72,"position":3},"title":"A propos de l&rsquo;interclubs","author":"Team-Goju","date":"26 d\u00e9cembre 2013","format":false,"excerpt":"R\u00e9union de clubs pratiquants des arts martiaux, l\u2019objectif de cet interclubs est de d\u00e9montrer que toutes les disciplines sont capables de se r\u00e9unir, de se rencontrer, d\u2019\u00e9changer et de pratiquer sous une m\u00eame ferveur la pratique de leurs diff\u00e9rentes disciplines. Initi\u00e9 par le Karat\u00e9 Club de Tremblay-en-France et le Club\u2026","rel":"","context":"Article similaire","block_context":{"text":"Article similaire","link":""},"img":{"alt_text":"coupe-ekewakando","src":"https:\/\/i0.wp.com\/interclubs.gojuryu93.com\/wp-content\/uploads\/sites\/5\/2013\/12\/coupe-ekewakando-300x248.jpg?resize=350%2C200","width":350,"height":200,"srcset":"https:\/\/i0.wp.com\/interclubs.gojuryu93.com\/wp-content\/uploads\/sites\/5\/2013\/12\/coupe-ekewakando-300x248.jpg?resize=350%2C200 1x, https:\/\/i0.wp.com\/interclubs.gojuryu93.com\/wp-content\/uploads\/sites\/5\/2013\/12\/coupe-ekewakando-300x248.jpg?resize=525%2C300 1.5x, https:\/\/i0.wp.com\/interclubs.gojuryu93.com\/wp-content\/uploads\/sites\/5\/2013\/12\/coupe-ekewakando-300x248.jpg?resize=700%2C400 2x"},"classes":[]},{"id":1114,"url":"https:\/\/interclubs.gojuryu93.com\/?page_id=1114","url_meta":{"origin":72,"position":4},"title":"Mentions l\u00e9gales","author":"Team-Goju","date":"14 juin 2014","format":false,"excerpt":"Ce site est h\u00e9berg\u00e9 et r\u00e9alis\u00e9 par Le Karat\u00e9 Club de Tremblay en France\u00a0 sur un serveur fourni par : OVH SAS au capital de 10\u00a0059\u00a0500\u00a0\u20ac RCS Lille M\u00e9tropole 424 761 419 00045 Code APE 6202A N\u00b0 TVA : FR 22 424 761 419 Si\u00e8ge social : 2 rue Kellermann\u2026","rel":"","context":"Article similaire","block_context":{"text":"Article similaire","link":""},"img":{"alt_text":"","src":"","width":0,"height":0},"classes":[]},{"id":186,"url":"https:\/\/interclubs.gojuryu93.com\/?page_id=186","url_meta":{"origin":72,"position":5},"title":"Droits \u00e0 l&rsquo;image","author":"Team-Goju","date":"2 janvier 2014","format":false,"excerpt":"\u00a0 Toutes les personnes repr\u00e9sent\u00e9es sur ce site ou leurs responsables l\u00e9gaux ainsi que les dirigeants des clubs ont fourni une autorisation de diffusion des images aux organisateurs de l'\u00e9v\u00e9nement conform\u00e9ment aux dispositions l\u00e9gales des droits \u00e0 images en France. Ces autorisations sont en possession du Karat\u00e9 Club de Tremblay-en-France.\u2026","rel":"","context":"Article similaire","block_context":{"text":"Article similaire","link":""},"img":{"alt_text":"","src":"","width":0,"height":0},"classes":[]}],"_links":{"self":[{"href":"https:\/\/interclubs.gojuryu93.com\/index.php?rest_route=\/wp\/v2\/pages\/72","targetHints":{"allow":["GET"]}}],"collection":[{"href":"https:\/\/interclubs.gojuryu93.com\/index.php?rest_route=\/wp\/v2\/pages"}],"about":[{"href":"https:\/\/interclubs.gojuryu93.com\/index.php?rest_route=\/wp\/v2\/types\/page"}],"author":[{"embeddable":true,"href":"https:\/\/interclubs.gojuryu93.com\/index.php?rest_route=\/wp\/v2\/users\/1"}],"replies":[{"embeddable":true,"href":"https:\/\/interclubs.gojuryu93.com\/index.php?rest_route=%2Fwp%2Fv2%2Fcomments&post=72"}],"version-history":[{"count":0,"href":"https:\/\/interclubs.gojuryu93.com\/index.php?rest_route=\/wp\/v2\/pages\/72\/revisions"}],"up":[{"embeddable":true,"href":"https:\/\/interclubs.gojuryu93.com\/index.php?rest_route=\/wp\/v2\/pages\/63"}],"wp:attachment":[{"href":"https:\/\/interclubs.gojuryu93.com\/index.php?rest_route=%2Fwp%2Fv2%2Fmedia&parent=72"}],"curies":[{"name":"wp","href":"https:\/\/api.w.org\/{rel}","templated":true}]}}