{"id":7,"date":"2013-12-26T00:22:47","date_gmt":"2013-12-25T23:22:47","guid":{"rendered":"http:\/\/localhost\/Wordpres_EKewaka\/?page_id=4"},"modified":"2017-01-08T18:11:45","modified_gmt":"2017-01-08T17:11:45","slug":"a-propos","status":"publish","type":"page","link":"https:\/\/interclubs.gojuryu93.com\/?page_id=7","title":{"rendered":"A propos de l&rsquo;interclubs"},"content":{"rendered":"<p><img data-recalc-dims=\"1\" loading=\"lazy\" decoding=\"async\" data-attachment-id=\"1873\" data-permalink=\"https:\/\/interclubs.gojuryu93.com\/?attachment_id=1873#main\" data-orig-file=\"https:\/\/i0.wp.com\/interclubs.gojuryu93.com\/wp-content\/uploads\/sites\/5\/2013\/12\/coupe-ekewakando.jpg?fit=562%2C464&amp;ssl=1\" data-orig-size=\"562,464\" data-comments-opened=\"0\" data-image-meta=\"{&quot;aperture&quot;:&quot;0&quot;,&quot;credit&quot;:&quot;&quot;,&quot;camera&quot;:&quot;&quot;,&quot;caption&quot;:&quot;&quot;,&quot;created_timestamp&quot;:&quot;0&quot;,&quot;copyright&quot;:&quot;&quot;,&quot;focal_length&quot;:&quot;0&quot;,&quot;iso&quot;:&quot;0&quot;,&quot;shutter_speed&quot;:&quot;0&quot;,&quot;title&quot;:&quot;&quot;,&quot;orientation&quot;:&quot;1&quot;}\" data-image-title=\"coupe-ekewakando\" data-image-description=\"\" data-image-caption=\"\" data-large-file=\"https:\/\/i0.wp.com\/interclubs.gojuryu93.com\/wp-content\/uploads\/sites\/5\/2013\/12\/coupe-ekewakando.jpg?fit=562%2C464&amp;ssl=1\" class=\" wp-image-1873 aligncenter\" src=\"https:\/\/i0.wp.com\/interclubs.gojuryu93.com\/wp-content\/uploads\/sites\/5\/2013\/12\/coupe-ekewakando-300x248.jpg?resize=750%2C620\" alt=\"coupe-ekewakando\" width=\"750\" height=\"620\" srcset=\"https:\/\/i0.wp.com\/interclubs.gojuryu93.com\/wp-content\/uploads\/sites\/5\/2013\/12\/coupe-ekewakando.jpg?resize=300%2C248&amp;ssl=1 300w, https:\/\/i0.wp.com\/interclubs.gojuryu93.com\/wp-content\/uploads\/sites\/5\/2013\/12\/coupe-ekewakando.jpg?w=562&amp;ssl=1 562w\" sizes=\"auto, (max-width: 750px) 100vw, 750px\" \/><\/p>\n<p><span style=\"font-size: 14pt;\">R\u00e9union de clubs pratiquants des arts martiaux, l\u2019objectif de cet interclubs est de d\u00e9montrer que toutes les disciplines sont capables de se r\u00e9unir, de se rencontrer, d\u2019\u00e9changer et de pratiquer sous une m\u00eame ferveur la pratique de leurs diff\u00e9rentes disciplines. <\/span><\/p>\n<p><span style=\"font-size: 14pt;\">Initi\u00e9 par le Karat\u00e9 Club de Tremblay-en-France et le Club de Taekwondo de la Go\u00eble situ\u00e9 \u00e0 Juilly, rejoint par le B.M.K.DO du Blanc-Mesnil lors des 3 derni\u00e8res \u00e9ditions, l\u2019objectif est de se retrouver dans la bonne humeur et disputer un tournoi amical et convivial. Les comp\u00e9titeurs de chaque associations s\u2019y rencontrent, partagent leur passion lors d\u00e9monstrations et s\u2019affrontent en des joutes amicales mais tr\u00e8s motiv\u00e9es.<\/span><\/p>\n<p><span style=\"font-size: 14pt;\">La Coupe \u201cKarat\u00e9 Taekwondo Interclubs\u201d r\u00e9compensant le plus grand nombre de victoires par un club est remise en jeu \u00e0 chaque nouvelle \u00e9dition. Les meilleurs comp\u00e9titeurs se voient r\u00e9compens\u00e9s en fonction de leurs r\u00e9sultats dans leur cat\u00e9gorie et sp\u00e9cialit\u00e9, ainsi que tous les participants \u00e0 cette petite F\u00eate des Arts Martiaux .<\/span><\/p>\n<p><span style=\"font-size: 14pt;\">Vote club peut lui aussi rejoindre cette f\u00eate conviviale et participer \u00e0 l&rsquo;interclubs. Il vous suffira de prendre<strong><em><a href=\"http:\/\/www.gojuryu93.com\/contact\/\"> contact avec le club organisateur<\/a><\/em> <\/strong>et de proposer votre candidature pour l&rsquo;organisation d&rsquo;une prochaine \u00e9dition.<\/span><\/p>\n<p><span style=\"font-size: 14pt;\">Gr\u00e2ce \u00e0 vous, cette rencontre amicale deviendra peut-\u00eatre un jour une rencontre incontournable dans notre r\u00e9gion Ile de France pour les passionn\u00e9s d\u2019arts martiaux d\u00e9sireux d\u2019\u00e9changes et de partages.<br \/>\n<\/span><\/p>\n<p>&nbsp;<\/p>\n","protected":false},"excerpt":{"rendered":"<p>R\u00e9union de clubs pratiquants des arts martiaux, l\u2019objectif de cet interclubs est de d\u00e9montrer que toutes les disciplines sont capables de se r\u00e9unir, de se rencontrer, d\u2019\u00e9changer et de pratiquer <a class=\"more-link\" href=\"https:\/\/interclubs.gojuryu93.com\/?page_id=7\">Lire la suite \u2192<\/a><\/p>\n","protected":false},"author":1,"featured_media":0,"parent":55,"menu_order":0,"comment_status":"closed","ping_status":"closed","template":"","meta":{"_exactmetrics_skip_tracking":false,"_exactmetrics_sitenote_active":false,"_exactmetrics_sitenote_note":"","_exactmetrics_sitenote_category":0,"footnotes":""},"class_list":["post-7","page","type-page","status-publish","hentry"],"jetpack_sharing_enabled":true,"jetpack_shortlink":"https:\/\/wp.me\/P8jlum-7","jetpack-related-posts":[{"id":72,"url":"https:\/\/interclubs.gojuryu93.com\/?page_id=72","url_meta":{"origin":7,"position":0},"title":"Taekwondo de la Go\u00eble","author":"Team-Goju","date":"29 d\u00e9cembre 2013","format":false,"excerpt":"\u00a0 \u00a0 \u00a0 \u00a0 \u00a0 \u00a0 \u00a0 \u00a0 \u00a0 \u00a0 Le Club de Taekwondo de la Go\u00eble situ\u00e9 dans le d\u00e9partement 77 sur les communes de Moussy et de Juilly est coorganisateur des interclubs. Ouvert sur d'autres pratiques que le taekwondo, il prodigue \u00e9galement des cours de karat\u00e9 Goju-ryu et\u2026","rel":"","context":"Article similaire","block_context":{"text":"Article similaire","link":""},"img":{"alt_text":"","src":"https:\/\/i0.wp.com\/www.gojuryu93.com\/wp-content\/uploads\/2015\/11\/logo-tekwando.png?resize=350%2C200","width":350,"height":200},"classes":[]},{"id":1114,"url":"https:\/\/interclubs.gojuryu93.com\/?page_id=1114","url_meta":{"origin":7,"position":1},"title":"Mentions l\u00e9gales","author":"Team-Goju","date":"14 juin 2014","format":false,"excerpt":"Ce site est h\u00e9berg\u00e9 et r\u00e9alis\u00e9 par Le Karat\u00e9 Club de Tremblay en France\u00a0 sur un serveur fourni par : OVH SAS au capital de 10\u00a0059\u00a0500\u00a0\u20ac RCS Lille M\u00e9tropole 424 761 419 00045 Code APE 6202A N\u00b0 TVA : FR 22 424 761 419 Si\u00e8ge social : 2 rue Kellermann\u2026","rel":"","context":"Article similaire","block_context":{"text":"Article similaire","link":""},"img":{"alt_text":"","src":"","width":0,"height":0},"classes":[]},{"id":145,"url":"https:\/\/interclubs.gojuryu93.com\/","url_meta":{"origin":7,"position":2},"title":"Bienvenue sur notre interclubs !","author":"Team-Goju","date":"1 janvier 2014","format":false,"excerpt":"Issue d'une volont\u00e9 de cr\u00e9er une \u00e9mulation envers les divers arts martiaux, l'interclub a \u00e9t\u00e9 cr\u00e9\u00e9 \u00e0 l'issue d'une concertation entre des clubs d'origines et de disciplines diff\u00e9rentes. R\u00e9unis autour d'une journ\u00e9e ludique, d\u00e9monstrative et comp\u00e9titive, ces diff\u00e9rentes disciplines se rencontrent le plus souvent possible dans une Coupe Interclubs. Ces\u2026","rel":"","context":"Article similaire","block_context":{"text":"Article similaire","link":""},"img":{"alt_text":"","src":"","width":0,"height":0},"classes":[]},{"id":84,"url":"https:\/\/interclubs.gojuryu93.com\/?page_id=84","url_meta":{"origin":7,"position":3},"title":"Interclubs  2013","author":"Team-Goju","date":"30 d\u00e9cembre 2013","format":false,"excerpt":"Au cours de nos interclubs les diff\u00e9rents organisateurs prennent des prises de vues ou des vid\u00e9os, retrouvez ici les images de l'interclubs 2013. \u00a92013 Karat\u00e9 Club de Tremblay-en-France - Copies interdites Merci de laisser le diaporama se charger \u00a0","rel":"","context":"Article similaire","block_context":{"text":"Article similaire","link":""},"img":{"alt_text":"","src":"","width":0,"height":0},"classes":[]},{"id":21,"url":"https:\/\/interclubs.gojuryu93.com\/?page_id=21","url_meta":{"origin":7,"position":4},"title":"Coordonn\u00e9es des clubs participants","author":"Team-Goju","date":"29 d\u00e9cembre 2013","format":false,"excerpt":"\u00a0 \u00a0 Karat\u00e9 Club de Tremblay en France 93290 Tremblay-en-France. Pr\u00e9sident : Henri Biancardini T\u00e9l. Portable : 06 15 99 57 32 Sites : http:\/\/www.gojuryu93.com http:\/\/www.gojuryu93.fr http:\/\/interclubs.gojuryu93.com \u00a0 \u00a0 \u00a0 BMKDO Pr\u00e9sident : Bertrand Daniel T\u00e9l. Portable : 06 67 84 55 34 Vice Pr\u00e9sident : Rocco Di Manno (Coordinateur\u2026","rel":"","context":"Article similaire","block_context":{"text":"Article similaire","link":""},"img":{"alt_text":"","src":"","width":0,"height":0},"classes":[]},{"id":86,"url":"https:\/\/interclubs.gojuryu93.com\/?page_id=86","url_meta":{"origin":7,"position":5},"title":"Taekwondo diaporama 2013","author":"Team-Goju","date":"30 d\u00e9cembre 2013","format":false,"excerpt":"\u00a9 2013 - Club de Taekwondo de la Go\u00eble. [easy-media med=\"1092\"] \/\/ < ![CDATA[ \/\/ < ![CDATA[ \/\/ < ![CDATA[ \/\/ < ![CDATA[ \/\/ < ![CDATA[ \/\/ Cliquez pour visualiser le diaporama. Patientez pendant le chargement. Page en cours de chargement...Merci de patienter \u00a0 \u00a0 \/\/ < ![CDATA[ \/\/ <\u2026","rel":"","context":"Article similaire","block_context":{"text":"Article similaire","link":""},"img":{"alt_text":"","src":"","width":0,"height":0},"classes":[]}],"_links":{"self":[{"href":"https:\/\/interclubs.gojuryu93.com\/index.php?rest_route=\/wp\/v2\/pages\/7","targetHints":{"allow":["GET"]}}],"collection":[{"href":"https:\/\/interclubs.gojuryu93.com\/index.php?rest_route=\/wp\/v2\/pages"}],"about":[{"href":"https:\/\/interclubs.gojuryu93.com\/index.php?rest_route=\/wp\/v2\/types\/page"}],"author":[{"embeddable":true,"href":"https:\/\/interclubs.gojuryu93.com\/index.php?rest_route=\/wp\/v2\/users\/1"}],"replies":[{"embeddable":true,"href":"https:\/\/interclubs.gojuryu93.com\/index.php?rest_route=%2Fwp%2Fv2%2Fcomments&post=7"}],"version-history":[{"count":0,"href":"https:\/\/interclubs.gojuryu93.com\/index.php?rest_route=\/wp\/v2\/pages\/7\/revisions"}],"up":[{"embeddable":true,"href":"https:\/\/interclubs.gojuryu93.com\/index.php?rest_route=\/wp\/v2\/pages\/55"}],"wp:attachment":[{"href":"https:\/\/interclubs.gojuryu93.com\/index.php?rest_route=%2Fwp%2Fv2%2Fmedia&parent=7"}],"curies":[{"name":"wp","href":"https:\/\/api.w.org\/{rel}","templated":true}]}}