{"id":65,"date":"2013-12-29T23:54:53","date_gmt":"2013-12-29T22:54:53","guid":{"rendered":"http:\/\/localhost\/Wordpres_EKewaka\/?page_id=65"},"modified":"2017-01-08T22:38:27","modified_gmt":"2017-01-08T21:38:27","slug":"bmkdo","status":"publish","type":"page","link":"https:\/\/interclubs.gojuryu93.com\/?page_id=65","title":{"rendered":"Blanc-Mesnil Karat\u00e9 Do"},"content":{"rendered":"<p style=\"text-align: left;\"><a href=\"http:\/\/www.blanc-mesnil-karate-do.fr\/\"><img data-recalc-dims=\"1\" loading=\"lazy\" decoding=\"async\" data-attachment-id=\"1292\" data-permalink=\"https:\/\/interclubs.gojuryu93.com\/?attachment_id=1292#main\" data-orig-file=\"https:\/\/i0.wp.com\/interclubs.gojuryu93.com\/wp-content\/uploads\/sites\/5\/2014\/01\/bmkdo-e1460129989365.jpg?fit=300%2C71&amp;ssl=1\" data-orig-size=\"300,71\" data-comments-opened=\"0\" data-image-meta=\"{&quot;aperture&quot;:&quot;0&quot;,&quot;credit&quot;:&quot;&quot;,&quot;camera&quot;:&quot;&quot;,&quot;caption&quot;:&quot;&quot;,&quot;created_timestamp&quot;:&quot;0&quot;,&quot;copyright&quot;:&quot;&quot;,&quot;focal_length&quot;:&quot;0&quot;,&quot;iso&quot;:&quot;0&quot;,&quot;shutter_speed&quot;:&quot;0&quot;,&quot;title&quot;:&quot;&quot;,&quot;orientation&quot;:&quot;0&quot;}\" data-image-title=\"bmkdo\" data-image-description=\"\" data-image-caption=\"\" data-large-file=\"https:\/\/i0.wp.com\/interclubs.gojuryu93.com\/wp-content\/uploads\/sites\/5\/2014\/01\/bmkdo-e1460129989365.jpg?fit=300%2C71&amp;ssl=1\" class=\" wp-image-1292 aligncenter\" src=\"https:\/\/i0.wp.com\/interclubs.gojuryu93.com\/wp-content\/uploads\/sites\/5\/2014\/01\/bmkdo.jpg?resize=262%2C62\" alt=\"bmkdo\" width=\"262\" height=\"62\" \/><\/a><\/p>\n<p style=\"text-align: left;\">Club pratiquant essentiellement le karat\u00e9 Shotokan, le BMKDO se situe au Blanc-Mesnil.<\/p>\n<div id=\"attachment_1316\" style=\"width: 110px\" class=\"wp-caption alignleft\"><img data-recalc-dims=\"1\" loading=\"lazy\" decoding=\"async\" aria-describedby=\"caption-attachment-1316\" data-attachment-id=\"1316\" data-permalink=\"https:\/\/interclubs.gojuryu93.com\/?attachment_id=1316#main\" data-orig-file=\"https:\/\/i0.wp.com\/interclubs.gojuryu93.com\/wp-content\/uploads\/sites\/5\/2013\/12\/Rooc_200x255-e1461277870699.jpg?fit=100%2C128&amp;ssl=1\" data-orig-size=\"100,128\" data-comments-opened=\"0\" data-image-meta=\"{&quot;aperture&quot;:&quot;4.5&quot;,&quot;credit&quot;:&quot;2011-BMKDO-ACTU.&quot;,&quot;camera&quot;:&quot;Canon EOS 60D&quot;,&quot;caption&quot;:&quot;&quot;,&quot;created_timestamp&quot;:&quot;1360274333&quot;,&quot;copyright&quot;:&quot;&quot;,&quot;focal_length&quot;:&quot;26&quot;,&quot;iso&quot;:&quot;400&quot;,&quot;shutter_speed&quot;:&quot;0.016666666666667&quot;,&quot;title&quot;:&quot;&quot;,&quot;orientation&quot;:&quot;1&quot;}\" data-image-title=\"Rooc_200x255\" data-image-description=\"\" data-image-caption=\"\" data-large-file=\"https:\/\/i0.wp.com\/interclubs.gojuryu93.com\/wp-content\/uploads\/sites\/5\/2013\/12\/Rooc_200x255-e1461277870699.jpg?fit=100%2C128&amp;ssl=1\" class=\"wp-image-1316 size-full\" src=\"https:\/\/i0.wp.com\/interclubs.gojuryu93.com\/wp-content\/uploads\/sites\/5\/2013\/12\/Rooc_200x255-e1461277870699.jpg?resize=100%2C128\" alt=\"Rooc_200x255\" width=\"100\" height=\"128\" \/><p id=\"caption-attachment-1316\" class=\"wp-caption-text\">Rocco<\/p><\/div>\n<p style=\"text-align: left;\">Essentiellement consacr\u00e9 \u00e0 la formation des plus jeunes, \u00e0 la d\u00e9couverte du karat\u00e9 Shotokan, au perfectionnement des grad\u00e9s et \u00e0 la pr\u00e9paration aux examens des Dan.<\/p>\n<div id=\"attachment_1315\" style=\"width: 110px\" class=\"wp-caption alignright\"><img data-recalc-dims=\"1\" loading=\"lazy\" decoding=\"async\" aria-describedby=\"caption-attachment-1315\" data-attachment-id=\"1315\" data-permalink=\"https:\/\/interclubs.gojuryu93.com\/?attachment_id=1315#main\" data-orig-file=\"https:\/\/i0.wp.com\/interclubs.gojuryu93.com\/wp-content\/uploads\/sites\/5\/2013\/12\/Daniel-237x300-e1461277884722.jpg?fit=100%2C127&amp;ssl=1\" data-orig-size=\"100,127\" data-comments-opened=\"0\" data-image-meta=\"{&quot;aperture&quot;:&quot;0&quot;,&quot;credit&quot;:&quot;&quot;,&quot;camera&quot;:&quot;&quot;,&quot;caption&quot;:&quot;&quot;,&quot;created_timestamp&quot;:&quot;0&quot;,&quot;copyright&quot;:&quot;&quot;,&quot;focal_length&quot;:&quot;0&quot;,&quot;iso&quot;:&quot;0&quot;,&quot;shutter_speed&quot;:&quot;0&quot;,&quot;title&quot;:&quot;&quot;,&quot;orientation&quot;:&quot;0&quot;}\" data-image-title=\"Daniel-237&amp;#215;300\" data-image-description=\"\" data-image-caption=\"\" data-large-file=\"https:\/\/i0.wp.com\/interclubs.gojuryu93.com\/wp-content\/uploads\/sites\/5\/2013\/12\/Daniel-237x300-e1461277884722.jpg?fit=100%2C127&amp;ssl=1\" class=\"wp-image-1315 size-full\" src=\"https:\/\/i0.wp.com\/interclubs.gojuryu93.com\/wp-content\/uploads\/sites\/5\/2013\/12\/Daniel-237x300-e1461277884722.jpg?resize=100%2C127\" alt=\"Daniel-237x300\" width=\"100\" height=\"127\" \/><p id=\"caption-attachment-1315\" class=\"wp-caption-text\">Daniel<\/p><\/div>\n<p style=\"text-align: left;\">Ce club familial, vous permettra de vous perfectionner ou de pratiquer un karat\u00e9 de loisirs ouvert \u00e0 tous les \u00e2ges de 4 \u00e0 77 ans et plus, sous la direction de professeurs tr\u00e8s exp\u00e9riment\u00e9s et dipl\u00f4m\u00e9s (DEJEPS et CQP\/DIF).<\/p>\n<div id=\"attachment_1314\" style=\"width: 110px\" class=\"wp-caption alignleft\"><img data-recalc-dims=\"1\" loading=\"lazy\" decoding=\"async\" aria-describedby=\"caption-attachment-1314\" data-attachment-id=\"1314\" data-permalink=\"https:\/\/interclubs.gojuryu93.com\/?attachment_id=1314#main\" data-orig-file=\"https:\/\/i0.wp.com\/interclubs.gojuryu93.com\/wp-content\/uploads\/sites\/5\/2013\/12\/alex_bod_nb-e1461277900526.jpg?fit=100%2C121&amp;ssl=1\" data-orig-size=\"100,121\" data-comments-opened=\"0\" data-image-meta=\"{&quot;aperture&quot;:&quot;0&quot;,&quot;credit&quot;:&quot;&quot;,&quot;camera&quot;:&quot;&quot;,&quot;caption&quot;:&quot;&quot;,&quot;created_timestamp&quot;:&quot;0&quot;,&quot;copyright&quot;:&quot;&quot;,&quot;focal_length&quot;:&quot;0&quot;,&quot;iso&quot;:&quot;0&quot;,&quot;shutter_speed&quot;:&quot;0&quot;,&quot;title&quot;:&quot;&quot;,&quot;orientation&quot;:&quot;1&quot;}\" data-image-title=\"alex_bod_nb\" data-image-description=\"\" data-image-caption=\"\" data-large-file=\"https:\/\/i0.wp.com\/interclubs.gojuryu93.com\/wp-content\/uploads\/sites\/5\/2013\/12\/alex_bod_nb-e1461277900526.jpg?fit=100%2C121&amp;ssl=1\" class=\"wp-image-1314 size-full\" src=\"https:\/\/i0.wp.com\/interclubs.gojuryu93.com\/wp-content\/uploads\/sites\/5\/2013\/12\/alex_bod_nb-e1461277900526.jpg?resize=100%2C121\" alt=\"alex_bod_nb\" width=\"100\" height=\"121\" \/><p id=\"caption-attachment-1314\" class=\"wp-caption-text\">Alexandra<\/p><\/div>\n<p>Vous pourrez \u00e9galement pratiquer en loisirs uniquement la remise en forme sous la direction de la dynamique Alexandra en vous essayant \u00e0 l&rsquo;exercice du body-karat\u00e9 associ\u00e9 \u00e0 de la Zumba.<\/p>\n<p>&nbsp;<\/p>\n<p>&nbsp;<\/p>\n<p>Coordonn\u00e9es si\u00e8ge social : 119, rue \u00c9mile Kahn 93150 Le Blanc-Mesnil.<\/p>\n<p>T\u00e9l : <strong><small>06 67 84 55 34 \/ 06 46 18 15 64<\/small><\/strong><\/p>\n<p>Dojo : Stade Jean-Bouin &#8211; 93150 Le Blanc-Mesnil<\/p>\n<p>Site : <strong><em><a href=\"http:\/\/www.blanc-mesnil-karate-do.fr\/\">http:\/\/www.blanc-mesnil-karate-do.fr\/<\/a><\/em><\/strong><\/p>\n<p>&nbsp;<\/p>\n","protected":false},"excerpt":{"rendered":"<p>Club pratiquant essentiellement le karat\u00e9 Shotokan, le BMKDO se situe au Blanc-Mesnil. Essentiellement consacr\u00e9 \u00e0 la formation des plus jeunes, \u00e0 la d\u00e9couverte du karat\u00e9 Shotokan, au perfectionnement des grad\u00e9s <a class=\"more-link\" href=\"https:\/\/interclubs.gojuryu93.com\/?page_id=65\">Lire la suite \u2192<\/a><\/p>\n","protected":false},"author":1,"featured_media":0,"parent":63,"menu_order":0,"comment_status":"closed","ping_status":"open","template":"","meta":{"_exactmetrics_skip_tracking":false,"_exactmetrics_sitenote_active":false,"_exactmetrics_sitenote_note":"","_exactmetrics_sitenote_category":0,"footnotes":""},"class_list":["post-65","page","type-page","status-publish","hentry"],"jetpack_sharing_enabled":true,"jetpack_shortlink":"https:\/\/wp.me\/P8jlum-13","jetpack-related-posts":[{"id":21,"url":"https:\/\/interclubs.gojuryu93.com\/?page_id=21","url_meta":{"origin":65,"position":0},"title":"Coordonn\u00e9es des clubs participants","author":"Team-Goju","date":"29 d\u00e9cembre 2013","format":false,"excerpt":"\u00a0 \u00a0 Karat\u00e9 Club de Tremblay en France 93290 Tremblay-en-France. Pr\u00e9sident : Henri Biancardini T\u00e9l. Portable : 06 15 99 57 32 Sites : http:\/\/www.gojuryu93.com http:\/\/www.gojuryu93.fr http:\/\/interclubs.gojuryu93.com \u00a0 \u00a0 \u00a0 BMKDO Pr\u00e9sident : Bertrand Daniel T\u00e9l. Portable : 06 67 84 55 34 Vice Pr\u00e9sident : Rocco Di Manno (Coordinateur\u2026","rel":"","context":"Article similaire","block_context":{"text":"Article similaire","link":""},"img":{"alt_text":"","src":"","width":0,"height":0},"classes":[]},{"id":1114,"url":"https:\/\/interclubs.gojuryu93.com\/?page_id=1114","url_meta":{"origin":65,"position":1},"title":"Mentions l\u00e9gales","author":"Team-Goju","date":"14 juin 2014","format":false,"excerpt":"Ce site est h\u00e9berg\u00e9 et r\u00e9alis\u00e9 par Le Karat\u00e9 Club de Tremblay en France\u00a0 sur un serveur fourni par : OVH SAS au capital de 10\u00a0059\u00a0500\u00a0\u20ac RCS Lille M\u00e9tropole 424 761 419 00045 Code APE 6202A N\u00b0 TVA : FR 22 424 761 419 Si\u00e8ge social : 2 rue Kellermann\u2026","rel":"","context":"Article similaire","block_context":{"text":"Article similaire","link":""},"img":{"alt_text":"","src":"","width":0,"height":0},"classes":[]},{"id":7,"url":"https:\/\/interclubs.gojuryu93.com\/?page_id=7","url_meta":{"origin":65,"position":2},"title":"A propos de l&rsquo;interclubs","author":"Team-Goju","date":"26 d\u00e9cembre 2013","format":false,"excerpt":"R\u00e9union de clubs pratiquants des arts martiaux, l\u2019objectif de cet interclubs est de d\u00e9montrer que toutes les disciplines sont capables de se r\u00e9unir, de se rencontrer, d\u2019\u00e9changer et de pratiquer sous une m\u00eame ferveur la pratique de leurs diff\u00e9rentes disciplines. Initi\u00e9 par le Karat\u00e9 Club de Tremblay-en-France et le Club\u2026","rel":"","context":"Article similaire","block_context":{"text":"Article similaire","link":""},"img":{"alt_text":"coupe-ekewakando","src":"https:\/\/i0.wp.com\/interclubs.gojuryu93.com\/wp-content\/uploads\/sites\/5\/2013\/12\/coupe-ekewakando-300x248.jpg?resize=350%2C200","width":350,"height":200,"srcset":"https:\/\/i0.wp.com\/interclubs.gojuryu93.com\/wp-content\/uploads\/sites\/5\/2013\/12\/coupe-ekewakando-300x248.jpg?resize=350%2C200 1x, https:\/\/i0.wp.com\/interclubs.gojuryu93.com\/wp-content\/uploads\/sites\/5\/2013\/12\/coupe-ekewakando-300x248.jpg?resize=525%2C300 1.5x, https:\/\/i0.wp.com\/interclubs.gojuryu93.com\/wp-content\/uploads\/sites\/5\/2013\/12\/coupe-ekewakando-300x248.jpg?resize=700%2C400 2x"},"classes":[]},{"id":242,"url":"https:\/\/interclubs.gojuryu93.com\/?page_id=242","url_meta":{"origin":65,"position":3},"title":"Liens","author":"Team-Goju","date":"29 janvier 2014","format":false,"excerpt":"\u00a0Les liens sont directement accessibles en cliquant sur les banni\u00e8res : \u00a0 \u00a0 \u00a0 \u00a0","rel":"","context":"Article similaire","block_context":{"text":"Article similaire","link":""},"img":{"alt_text":"Bani\u00e8re ktf","src":"https:\/\/i0.wp.com\/interclubs.gojuryu93.com\/wp-content\/uploads\/sites\/5\/2014\/01\/Bani%C3%A8re-ktf-300x43.png?resize=350%2C200","width":350,"height":200,"srcset":"https:\/\/i0.wp.com\/interclubs.gojuryu93.com\/wp-content\/uploads\/sites\/5\/2014\/01\/Bani%C3%A8re-ktf-300x43.png?resize=350%2C200 1x, https:\/\/i0.wp.com\/interclubs.gojuryu93.com\/wp-content\/uploads\/sites\/5\/2014\/01\/Bani%C3%A8re-ktf-300x43.png?resize=525%2C300 1.5x"},"classes":[]},{"id":74,"url":"https:\/\/interclubs.gojuryu93.com\/?page_id=74","url_meta":{"origin":65,"position":4},"title":"Karat\u00e9 Gojuryu de Tremblay en France","author":"Team-Goju","date":"29 d\u00e9cembre 2013","format":false,"excerpt":"Unique club du d\u00e9partement de la Seine Saint Denis \u00e0 offrir la pratique du Karat\u00e9 Goju-ryu, le Club de Karat\u00e9 de Tremblay-en-France vous permettra de d\u00e9couvrir cette pratique du karat\u00e9 originel d'Okinawa. Vous pourrez \u00e9galement vous essayer \u00e0 la pratique des armes traditionnelles avec la section Kobudo, au programme :\u2026","rel":"","context":"Article similaire","block_context":{"text":"Article similaire","link":""},"img":{"alt_text":"Bani\u00e8re ktf","src":"https:\/\/i0.wp.com\/interclubs.gojuryu93.com\/wp-content\/uploads\/sites\/5\/2014\/01\/Bani%C3%A8re-ktf-300x43.png?resize=350%2C200","width":350,"height":200,"srcset":"https:\/\/i0.wp.com\/interclubs.gojuryu93.com\/wp-content\/uploads\/sites\/5\/2014\/01\/Bani%C3%A8re-ktf-300x43.png?resize=350%2C200 1x, https:\/\/i0.wp.com\/interclubs.gojuryu93.com\/wp-content\/uploads\/sites\/5\/2014\/01\/Bani%C3%A8re-ktf-300x43.png?resize=525%2C300 1.5x, https:\/\/i0.wp.com\/interclubs.gojuryu93.com\/wp-content\/uploads\/sites\/5\/2014\/01\/Bani%C3%A8re-ktf-300x43.png?resize=700%2C400 2x"},"classes":[]},{"id":72,"url":"https:\/\/interclubs.gojuryu93.com\/?page_id=72","url_meta":{"origin":65,"position":5},"title":"Taekwondo de la Go\u00eble","author":"Team-Goju","date":"29 d\u00e9cembre 2013","format":false,"excerpt":"\u00a0 \u00a0 \u00a0 \u00a0 \u00a0 \u00a0 \u00a0 \u00a0 \u00a0 \u00a0 Le Club de Taekwondo de la Go\u00eble situ\u00e9 dans le d\u00e9partement 77 sur les communes de Moussy et de Juilly est coorganisateur des interclubs. Ouvert sur d'autres pratiques que le taekwondo, il prodigue \u00e9galement des cours de karat\u00e9 Goju-ryu et\u2026","rel":"","context":"Article similaire","block_context":{"text":"Article similaire","link":""},"img":{"alt_text":"","src":"https:\/\/i0.wp.com\/www.gojuryu93.com\/wp-content\/uploads\/2015\/11\/logo-tekwando.png?resize=350%2C200","width":350,"height":200},"classes":[]}],"_links":{"self":[{"href":"https:\/\/interclubs.gojuryu93.com\/index.php?rest_route=\/wp\/v2\/pages\/65","targetHints":{"allow":["GET"]}}],"collection":[{"href":"https:\/\/interclubs.gojuryu93.com\/index.php?rest_route=\/wp\/v2\/pages"}],"about":[{"href":"https:\/\/interclubs.gojuryu93.com\/index.php?rest_route=\/wp\/v2\/types\/page"}],"author":[{"embeddable":true,"href":"https:\/\/interclubs.gojuryu93.com\/index.php?rest_route=\/wp\/v2\/users\/1"}],"replies":[{"embeddable":true,"href":"https:\/\/interclubs.gojuryu93.com\/index.php?rest_route=%2Fwp%2Fv2%2Fcomments&post=65"}],"version-history":[{"count":0,"href":"https:\/\/interclubs.gojuryu93.com\/index.php?rest_route=\/wp\/v2\/pages\/65\/revisions"}],"up":[{"embeddable":true,"href":"https:\/\/interclubs.gojuryu93.com\/index.php?rest_route=\/wp\/v2\/pages\/63"}],"wp:attachment":[{"href":"https:\/\/interclubs.gojuryu93.com\/index.php?rest_route=%2Fwp%2Fv2%2Fmedia&parent=65"}],"curies":[{"name":"wp","href":"https:\/\/api.w.org\/{rel}","templated":true}]}}