{"id":63,"date":"2013-12-29T23:51:29","date_gmt":"2013-12-29T22:51:29","guid":{"rendered":"http:\/\/localhost\/Wordpres_EKewaka\/?page_id=63"},"modified":"2018-11-02T13:30:47","modified_gmt":"2018-11-02T12:30:47","slug":"les-clubs","status":"publish","type":"page","link":"https:\/\/interclubs.gojuryu93.com\/?page_id=63","title":{"rendered":"Les clubs participants"},"content":{"rendered":"<p style=\"text-align: center;\"><span style=\"font-size: 14pt;\">Cliquez sur une des banni\u00e8res pour acc\u00e9der aux informations clubs :<\/span><\/p>\n<p style=\"text-align: center;\"><a href=\"http:\/\/www.gojuryu93.com\" target=\"_blank\" rel=\"noopener\"><img data-recalc-dims=\"1\" loading=\"lazy\" decoding=\"async\" data-attachment-id=\"1291\" data-permalink=\"https:\/\/interclubs.gojuryu93.com\/?attachment_id=1291#main\" data-orig-file=\"https:\/\/i0.wp.com\/interclubs.gojuryu93.com\/wp-content\/uploads\/sites\/5\/2014\/01\/Bani%C3%A8re-ktf.png?fit=1093%2C158&amp;ssl=1\" data-orig-size=\"1093,158\" data-comments-opened=\"0\" data-image-meta=\"{&quot;aperture&quot;:&quot;0&quot;,&quot;credit&quot;:&quot;&quot;,&quot;camera&quot;:&quot;&quot;,&quot;caption&quot;:&quot;&quot;,&quot;created_timestamp&quot;:&quot;0&quot;,&quot;copyright&quot;:&quot;&quot;,&quot;focal_length&quot;:&quot;0&quot;,&quot;iso&quot;:&quot;0&quot;,&quot;shutter_speed&quot;:&quot;0&quot;,&quot;title&quot;:&quot;&quot;,&quot;orientation&quot;:&quot;0&quot;}\" data-image-title=\"Bani\u00e8re ktf\" data-image-description=\"\" data-image-caption=\"\" data-large-file=\"https:\/\/i0.wp.com\/interclubs.gojuryu93.com\/wp-content\/uploads\/sites\/5\/2014\/01\/Bani%C3%A8re-ktf.png?fit=750%2C108&amp;ssl=1\" class=\"aligncenter wp-image-1291\" title=\"Karat\u00e9 Club de Tremblay-en-France\" src=\"https:\/\/i0.wp.com\/interclubs.gojuryu93.com\/wp-content\/uploads\/sites\/5\/2014\/01\/Bani%C3%A8re-ktf-300x43.png?resize=537%2C77\" alt=\"Bani\u00e8re ktf\" width=\"537\" height=\"77\" \/><\/a><\/p>\n<p style=\"text-align: center;\"><a href=\"https:\/\/www.taekwondo-moussy-juilly.fr\/\" target=\"_blank\" rel=\"noopener\"><img data-recalc-dims=\"1\" loading=\"lazy\" decoding=\"async\" class=\"aligncenter\" title=\"TSKG - Taekwondo de la Go\u00eble\" src=\"https:\/\/i0.wp.com\/www.gojuryu93.com\/wp-content\/uploads\/2015\/11\/logo-tekwando.png?resize=208%2C208\" alt=\"\" width=\"208\" height=\"208\" \/><\/a><a href=\"http:\/\/www.blanc-mesnil-karate-do.fr\/\" target=\"_blank\" rel=\"noopener\"><img data-recalc-dims=\"1\" loading=\"lazy\" decoding=\"async\" data-attachment-id=\"1292\" data-permalink=\"https:\/\/interclubs.gojuryu93.com\/?attachment_id=1292#main\" data-orig-file=\"https:\/\/i0.wp.com\/interclubs.gojuryu93.com\/wp-content\/uploads\/sites\/5\/2014\/01\/bmkdo-e1460129989365.jpg?fit=300%2C71&amp;ssl=1\" data-orig-size=\"300,71\" data-comments-opened=\"0\" data-image-meta=\"{&quot;aperture&quot;:&quot;0&quot;,&quot;credit&quot;:&quot;&quot;,&quot;camera&quot;:&quot;&quot;,&quot;caption&quot;:&quot;&quot;,&quot;created_timestamp&quot;:&quot;0&quot;,&quot;copyright&quot;:&quot;&quot;,&quot;focal_length&quot;:&quot;0&quot;,&quot;iso&quot;:&quot;0&quot;,&quot;shutter_speed&quot;:&quot;0&quot;,&quot;title&quot;:&quot;&quot;,&quot;orientation&quot;:&quot;0&quot;}\" data-image-title=\"bmkdo\" data-image-description=\"\" data-image-caption=\"\" data-large-file=\"https:\/\/i0.wp.com\/interclubs.gojuryu93.com\/wp-content\/uploads\/sites\/5\/2014\/01\/bmkdo-e1460129989365.jpg?fit=300%2C71&amp;ssl=1\" class=\"aligncenter wp-image-1292\" title=\"Blanc-Mesnil Karat\u00e9 Do\" src=\"https:\/\/i0.wp.com\/interclubs.gojuryu93.com\/wp-content\/uploads\/sites\/5\/2014\/01\/bmkdo.jpg?resize=313%2C74\" alt=\"bmkdo\" width=\"313\" height=\"74\" \/><\/a><\/p>\n<p>&nbsp;<\/p>\n","protected":false},"excerpt":{"rendered":"<p>Cliquez sur une des banni\u00e8res pour acc\u00e9der aux informations clubs : &nbsp;<\/p>\n","protected":false},"author":1,"featured_media":0,"parent":0,"menu_order":0,"comment_status":"closed","ping_status":"closed","template":"","meta":{"_exactmetrics_skip_tracking":false,"_exactmetrics_sitenote_active":false,"_exactmetrics_sitenote_note":"","_exactmetrics_sitenote_category":0,"footnotes":""},"class_list":["post-63","page","type-page","status-publish","hentry"],"jetpack_sharing_enabled":true,"jetpack_shortlink":"https:\/\/wp.me\/P8jlum-11","jetpack-related-posts":[{"id":186,"url":"https:\/\/interclubs.gojuryu93.com\/?page_id=186","url_meta":{"origin":63,"position":0},"title":"Droits \u00e0 l&rsquo;image","author":"Team-Goju","date":"2 janvier 2014","format":false,"excerpt":"\u00a0 Toutes les personnes repr\u00e9sent\u00e9es sur ce site ou leurs responsables l\u00e9gaux ainsi que les dirigeants des clubs ont fourni une autorisation de diffusion des images aux organisateurs de l'\u00e9v\u00e9nement conform\u00e9ment aux dispositions l\u00e9gales des droits \u00e0 images en France. Ces autorisations sont en possession du Karat\u00e9 Club de Tremblay-en-France.\u2026","rel":"","context":"Article similaire","block_context":{"text":"Article similaire","link":""},"img":{"alt_text":"","src":"","width":0,"height":0},"classes":[]},{"id":1114,"url":"https:\/\/interclubs.gojuryu93.com\/?page_id=1114","url_meta":{"origin":63,"position":1},"title":"Mentions l\u00e9gales","author":"Team-Goju","date":"14 juin 2014","format":false,"excerpt":"Ce site est h\u00e9berg\u00e9 et r\u00e9alis\u00e9 par Le Karat\u00e9 Club de Tremblay en France\u00a0 sur un serveur fourni par : OVH SAS au capital de 10\u00a0059\u00a0500\u00a0\u20ac RCS Lille M\u00e9tropole 424 761 419 00045 Code APE 6202A N\u00b0 TVA : FR 22 424 761 419 Si\u00e8ge social : 2 rue Kellermann\u2026","rel":"","context":"Article similaire","block_context":{"text":"Article similaire","link":""},"img":{"alt_text":"","src":"","width":0,"height":0},"classes":[]},{"id":21,"url":"https:\/\/interclubs.gojuryu93.com\/?page_id=21","url_meta":{"origin":63,"position":2},"title":"Coordonn\u00e9es des clubs participants","author":"Team-Goju","date":"29 d\u00e9cembre 2013","format":false,"excerpt":"\u00a0 \u00a0 Karat\u00e9 Club de Tremblay en France 93290 Tremblay-en-France. Pr\u00e9sident : Henri Biancardini T\u00e9l. Portable : 06 15 99 57 32 Sites : http:\/\/www.gojuryu93.com http:\/\/www.gojuryu93.fr http:\/\/interclubs.gojuryu93.com \u00a0 \u00a0 \u00a0 BMKDO Pr\u00e9sident : Bertrand Daniel T\u00e9l. Portable : 06 67 84 55 34 Vice Pr\u00e9sident : Rocco Di Manno (Coordinateur\u2026","rel":"","context":"Article similaire","block_context":{"text":"Article similaire","link":""},"img":{"alt_text":"","src":"","width":0,"height":0},"classes":[]},{"id":7,"url":"https:\/\/interclubs.gojuryu93.com\/?page_id=7","url_meta":{"origin":63,"position":3},"title":"A propos de l&rsquo;interclubs","author":"Team-Goju","date":"26 d\u00e9cembre 2013","format":false,"excerpt":"R\u00e9union de clubs pratiquants des arts martiaux, l\u2019objectif de cet interclubs est de d\u00e9montrer que toutes les disciplines sont capables de se r\u00e9unir, de se rencontrer, d\u2019\u00e9changer et de pratiquer sous une m\u00eame ferveur la pratique de leurs diff\u00e9rentes disciplines. Initi\u00e9 par le Karat\u00e9 Club de Tremblay-en-France et le Club\u2026","rel":"","context":"Article similaire","block_context":{"text":"Article similaire","link":""},"img":{"alt_text":"coupe-ekewakando","src":"https:\/\/i0.wp.com\/interclubs.gojuryu93.com\/wp-content\/uploads\/sites\/5\/2013\/12\/coupe-ekewakando-300x248.jpg?resize=350%2C200","width":350,"height":200,"srcset":"https:\/\/i0.wp.com\/interclubs.gojuryu93.com\/wp-content\/uploads\/sites\/5\/2013\/12\/coupe-ekewakando-300x248.jpg?resize=350%2C200 1x, https:\/\/i0.wp.com\/interclubs.gojuryu93.com\/wp-content\/uploads\/sites\/5\/2013\/12\/coupe-ekewakando-300x248.jpg?resize=525%2C300 1.5x, https:\/\/i0.wp.com\/interclubs.gojuryu93.com\/wp-content\/uploads\/sites\/5\/2013\/12\/coupe-ekewakando-300x248.jpg?resize=700%2C400 2x"},"classes":[]},{"id":72,"url":"https:\/\/interclubs.gojuryu93.com\/?page_id=72","url_meta":{"origin":63,"position":4},"title":"Taekwondo de la Go\u00eble","author":"Team-Goju","date":"29 d\u00e9cembre 2013","format":false,"excerpt":"\u00a0 \u00a0 \u00a0 \u00a0 \u00a0 \u00a0 \u00a0 \u00a0 \u00a0 \u00a0 Le Club de Taekwondo de la Go\u00eble situ\u00e9 dans le d\u00e9partement 77 sur les communes de Moussy et de Juilly est coorganisateur des interclubs. Ouvert sur d'autres pratiques que le taekwondo, il prodigue \u00e9galement des cours de karat\u00e9 Goju-ryu et\u2026","rel":"","context":"Article similaire","block_context":{"text":"Article similaire","link":""},"img":{"alt_text":"","src":"https:\/\/i0.wp.com\/www.gojuryu93.com\/wp-content\/uploads\/2015\/11\/logo-tekwando.png?resize=350%2C200","width":350,"height":200},"classes":[]},{"id":55,"url":"https:\/\/interclubs.gojuryu93.com\/?page_id=55","url_meta":{"origin":63,"position":5},"title":"Informations","author":"Team-Goju","date":"29 d\u00e9cembre 2013","format":false,"excerpt":"Cliquez sur un des boutons pour acc\u00e9der \u00e0 la page d\u00e9sir\u00e9e : [aio_button align=\"center\" animation=\"pulse\" color=\"gray\" size=\"small\" icon=\"info-sign\" text=\"A propos de l\u2019interclub\" relationship=\"dofollow\" url=\"http:\/\/ekewakando.free.fr\/?page_id=7\"] [aio_button align=\"center\" animation=\"pulse\" color=\"gray\" size=\"small\" icon=\"info-sign\" text=\"Coordonn\u00e9es des clubs fondateurs\" relationship=\"dofollow\" url=\"http:\/\/ekewakando.free.fr\/?page_id=21\"] [aio_button align=\"center\" animation=\"pulse\" color=\"gray\" size=\"small\" icon=\"info-sign\" text=\"Droits \u00e0 l\u2019image\" relationship=\"dofollow\" url=\"http:\/\/ekewakando.free.fr\/?page_id=186\"] [aio_button align=\"center\" animation=\"pulse\"\u2026","rel":"","context":"Article similaire","block_context":{"text":"Article similaire","link":""},"img":{"alt_text":"","src":"","width":0,"height":0},"classes":[]}],"_links":{"self":[{"href":"https:\/\/interclubs.gojuryu93.com\/index.php?rest_route=\/wp\/v2\/pages\/63","targetHints":{"allow":["GET"]}}],"collection":[{"href":"https:\/\/interclubs.gojuryu93.com\/index.php?rest_route=\/wp\/v2\/pages"}],"about":[{"href":"https:\/\/interclubs.gojuryu93.com\/index.php?rest_route=\/wp\/v2\/types\/page"}],"author":[{"embeddable":true,"href":"https:\/\/interclubs.gojuryu93.com\/index.php?rest_route=\/wp\/v2\/users\/1"}],"replies":[{"embeddable":true,"href":"https:\/\/interclubs.gojuryu93.com\/index.php?rest_route=%2Fwp%2Fv2%2Fcomments&post=63"}],"version-history":[{"count":0,"href":"https:\/\/interclubs.gojuryu93.com\/index.php?rest_route=\/wp\/v2\/pages\/63\/revisions"}],"wp:attachment":[{"href":"https:\/\/interclubs.gojuryu93.com\/index.php?rest_route=%2Fwp%2Fv2%2Fmedia&parent=63"}],"curies":[{"name":"wp","href":"https:\/\/api.w.org\/{rel}","templated":true}]}}