{"id":324,"date":"2014-05-30T23:15:13","date_gmt":"2014-05-30T22:15:13","guid":{"rendered":"http:\/\/ekewakando.free.fr\/?page_id=324"},"modified":"2016-04-25T16:19:30","modified_gmt":"2016-04-25T15:19:30","slug":"kata_bassai_dai-bmkdo","status":"publish","type":"page","link":"https:\/\/interclubs.gojuryu93.com\/?page_id=324","title":{"rendered":"Kata Bassa\u00ef Da\u00ef &#8211; D\u00e9monstration Shotokan"},"content":{"rendered":"<p style=\"text-align: center;\"><span style=\"font-size: 8pt;\"><div id=\"wpfp_a3bbed41176b97d184280cabcb347de4\" data-item=\"{&quot;sources&quot;:[{&quot;src&quot;:&quot;http:\\\/\\\/www.gojuryu93.com\\\/wp-content\\\/uploads\\\/sites\\\/5\\\/2016\\\/Vids\\\/Kata_Bassai_Dai_Th_2013.MOV&quot;,&quot;type&quot;:&quot;video\\\/mp4&quot;}],&quot;splash&quot;:&quot;http:\\\/\\\/interclubs.gojuryu93.com\\\/wp-content\\\/uploads\\\/sites\\\/5\\\/2014\\\/01\\\/logo_tremblay_100x100.png&quot;}\" class=\"flowplayer no-brand is-splash is-paused skin-slim no-svg fp-slim fp-edgy\" data-fvautoplay=\"0\" data-engine=\"flash\" style=\"position:relative; width: 640px; height: 360px; \" data-ratio=\"0.5625\" data-live=\"true\">\n\t<div class=\"fp-ratio\" style=\"padding-top: 56.25%\"><\/div>\n\t<img data-recalc-dims=\"1\" decoding=\"async\" class=\"fp-splash\" alt=\"video\" src=\"https:\/\/i0.wp.com\/interclubs.gojuryu93.com\/wp-content\/uploads\/sites\/5\/2014\/01\/logo_tremblay_100x100.png?w=750\" style=\"position:absolute;top:0;width:100%\" \/>\n\t<div class=\"fp-ui\"><noscript>Please enable JavaScript<\/noscript><div class=\"fp-play fp-visible\"><svg class=\"fp-play-sharp-fill\" xmlns=\"http:\/\/www.w3.org\/2000\/svg\" viewBox=\"0 0 100 100\"><defs><style>.fp-color-play{opacity:0.65;}.controlbutton{fill:#fff;}<\/style><\/defs><title>play-sharp-fill<\/title><path class=\"fp-color-play\" d=\"M49.9217-.078a50,50,0,1,0,50,50A50.0564,50.0564,0,0,0,49.9217-.078Z\"\/><polygon class=\"controlbutton\" points=\"73.601 50 37.968 70.573 37.968 29.427 73.601 50\" filter=\"url(#f1)\"\/><\/svg><\/div><div class=\"fp-preload\"><b><\/b><b><\/b><b><\/b><b><\/b><\/div><\/div>\n<div id=\"wpfp_a3bbed41176b97d184280cabcb347de4_custom_background\" class=\"wpfp_custom_background\" style=\"background-image: url('http:\/\/interclubs.gojuryu93.com\/wp-content\/uploads\/sites\/5\/2014\/01\/logo_tremblay_100x100.png')\"><\/div>\n<\/div>\n<\/span><\/p>\n<p style=\"text-align: center;\"><em><strong><span style=\"font-size: 8pt;\">\u00a9 <\/span>2013 R\u00e9alisation vid\u00e9o par Nathalie Dorville<\/strong><\/em><\/p>\n<p style=\"text-align: center;\"><a class=\"maxbutton-11 maxbutton maxbutton-video-casse-taekwondo\" rel=\"nofollow noopener\" href=\"\/?page_id=874\"><span class='mb-text'>Vid\u00e9o Suivante<\/span><\/a><\/p>\n<p>&nbsp;<\/p>\n","protected":false},"excerpt":{"rendered":"<p>\u00a9 2013 R\u00e9alisation vid\u00e9o par Nathalie Dorville &nbsp;<\/p>\n","protected":false},"author":1,"featured_media":0,"parent":92,"menu_order":0,"comment_status":"closed","ping_status":"closed","template":"page-full-width.php","meta":{"_exactmetrics_skip_tracking":false,"_exactmetrics_sitenote_active":false,"_exactmetrics_sitenote_note":"","_exactmetrics_sitenote_category":0,"footnotes":""},"class_list":["post-324","page","type-page","status-publish","hentry"],"jetpack_sharing_enabled":true,"jetpack_shortlink":"https:\/\/wp.me\/P8jlum-5e","jetpack-related-posts":[{"id":871,"url":"https:\/\/interclubs.gojuryu93.com\/?page_id=871","url_meta":{"origin":324,"position":0},"title":"Kata Empi &#8211;  D\u00e9monstration Shotokan","author":"Team-Goju","date":"1 juin 2014","format":false,"excerpt":"\u00a9 2013 R\u00e9alisation vid\u00e9o Nathalie Dorville \u00a0","rel":"","context":"Article similaire","block_context":{"text":"Article similaire","link":""},"img":{"alt_text":"","src":"","width":0,"height":0},"classes":[]},{"id":874,"url":"https:\/\/interclubs.gojuryu93.com\/?page_id=874","url_meta":{"origin":324,"position":1},"title":"D\u00e9monstration de casse Taekwondo","author":"Team-Goju","date":"1 juin 2014","format":false,"excerpt":"\u00a9 2013 R\u00e9alisation vid\u00e9o Nathalie Dorville","rel":"","context":"Article similaire","block_context":{"text":"Article similaire","link":""},"img":{"alt_text":"","src":"","width":0,"height":0},"classes":[]},{"id":92,"url":"https:\/\/interclubs.gojuryu93.com\/?page_id=92","url_meta":{"origin":324,"position":2},"title":"Vid\u00e9os 2013","author":"Team-Goju","date":"30 d\u00e9cembre 2013","format":false,"excerpt":"Retrouvez sur cette page et les pages suivantes les vid\u00e9os des d\u00e9monstrations r\u00e9alis\u00e9es par Nathalie Dorville qui nous a gracieusement fournie ces images. D\u00e9monstrations Combats arbitr\u00e9s \u00a9 2013 R\u00e9alisation vid\u00e9o Nathalie Dorville - Tous droits r\u00e9serv\u00e9s","rel":"","context":"Article similaire","block_context":{"text":"Article similaire","link":""},"img":{"alt_text":"","src":"","width":0,"height":0},"classes":[]},{"id":145,"url":"https:\/\/interclubs.gojuryu93.com\/","url_meta":{"origin":324,"position":3},"title":"Bienvenue sur notre interclubs !","author":"Team-Goju","date":"1 janvier 2014","format":false,"excerpt":"Issue d'une volont\u00e9 de cr\u00e9er une \u00e9mulation envers les divers arts martiaux, l'interclub a \u00e9t\u00e9 cr\u00e9\u00e9 \u00e0 l'issue d'une concertation entre des clubs d'origines et de disciplines diff\u00e9rentes. R\u00e9unis autour d'une journ\u00e9e ludique, d\u00e9monstrative et comp\u00e9titive, ces diff\u00e9rentes disciplines se rencontrent le plus souvent possible dans une Coupe Interclubs. Ces\u2026","rel":"","context":"Article similaire","block_context":{"text":"Article similaire","link":""},"img":{"alt_text":"","src":"","width":0,"height":0},"classes":[]},{"id":2571,"url":"https:\/\/interclubs.gojuryu93.com\/?page_id=2571","url_meta":{"origin":324,"position":4},"title":"Sites du Karat\u00e9 Club de Tremblay-en-France non actualis\u00e9s","author":"Team-Goju","date":"2 novembre 2018","format":false,"excerpt":"Vous l'avez certainement remarqu\u00e9 depuis quelques mois nos sites ne sont plus actualis\u00e9s. Faute de r\u00e9dacteurs et de bonnes volont\u00e9s, nous mettons ces sites en stand-by dans l'attente de repreneurs. De plus les sites ont r\u00e9cemment connu des probl\u00e8mes techniques qui ont nuit gravement au fonctionnement. Gr\u00e2ce \u00e0 l'intervention du\u2026","rel":"","context":"Article similaire","block_context":{"text":"Article similaire","link":""},"img":{"alt_text":"","src":"https:\/\/i0.wp.com\/interclubs.gojuryu93.com\/wp-content\/uploads\/sites\/5\/2018\/11\/reparwordpress.png?fit=225%2C225&ssl=1&resize=350%2C200","width":350,"height":200},"classes":[]},{"id":21,"url":"https:\/\/interclubs.gojuryu93.com\/?page_id=21","url_meta":{"origin":324,"position":5},"title":"Coordonn\u00e9es des clubs participants","author":"Team-Goju","date":"29 d\u00e9cembre 2013","format":false,"excerpt":"\u00a0 \u00a0 Karat\u00e9 Club de Tremblay en France 93290 Tremblay-en-France. Pr\u00e9sident : Henri Biancardini T\u00e9l. Portable : 06 15 99 57 32 Sites : http:\/\/www.gojuryu93.com http:\/\/www.gojuryu93.fr http:\/\/interclubs.gojuryu93.com \u00a0 \u00a0 \u00a0 BMKDO Pr\u00e9sident : Bertrand Daniel T\u00e9l. Portable : 06 67 84 55 34 Vice Pr\u00e9sident : Rocco Di Manno (Coordinateur\u2026","rel":"","context":"Article similaire","block_context":{"text":"Article similaire","link":""},"img":{"alt_text":"","src":"","width":0,"height":0},"classes":[]}],"_links":{"self":[{"href":"https:\/\/interclubs.gojuryu93.com\/index.php?rest_route=\/wp\/v2\/pages\/324","targetHints":{"allow":["GET"]}}],"collection":[{"href":"https:\/\/interclubs.gojuryu93.com\/index.php?rest_route=\/wp\/v2\/pages"}],"about":[{"href":"https:\/\/interclubs.gojuryu93.com\/index.php?rest_route=\/wp\/v2\/types\/page"}],"author":[{"embeddable":true,"href":"https:\/\/interclubs.gojuryu93.com\/index.php?rest_route=\/wp\/v2\/users\/1"}],"replies":[{"embeddable":true,"href":"https:\/\/interclubs.gojuryu93.com\/index.php?rest_route=%2Fwp%2Fv2%2Fcomments&post=324"}],"version-history":[{"count":0,"href":"https:\/\/interclubs.gojuryu93.com\/index.php?rest_route=\/wp\/v2\/pages\/324\/revisions"}],"up":[{"embeddable":true,"href":"https:\/\/interclubs.gojuryu93.com\/index.php?rest_route=\/wp\/v2\/pages\/92"}],"wp:attachment":[{"href":"https:\/\/interclubs.gojuryu93.com\/index.php?rest_route=%2Fwp%2Fv2%2Fmedia&parent=324"}],"curies":[{"name":"wp","href":"https:\/\/api.w.org\/{rel}","templated":true}]}}