{"id":242,"date":"2014-01-29T17:33:32","date_gmt":"2014-01-29T16:33:32","guid":{"rendered":"http:\/\/localhost\/Wordpres_EKewaka\/?page_id=242"},"modified":"2018-11-02T14:17:21","modified_gmt":"2018-11-02T13:17:21","slug":"liens","status":"publish","type":"page","link":"https:\/\/interclubs.gojuryu93.com\/?page_id=242","title":{"rendered":"Liens"},"content":{"rendered":"<p style=\"text-align: center;\"><span style=\"font-size: 14pt;\">\u00a0Les liens sont directement accessibles en cliquant sur les banni\u00e8res :<\/span><\/p>\n<div id=\"attachment_1291\" style=\"width: 547px\" class=\"wp-caption aligncenter\"><a href=\"http:\/\/www.gojuryu93.com\" target=\"_blank\" rel=\"noopener\"><img data-recalc-dims=\"1\" loading=\"lazy\" decoding=\"async\" aria-describedby=\"caption-attachment-1291\" data-attachment-id=\"1291\" data-permalink=\"https:\/\/interclubs.gojuryu93.com\/?attachment_id=1291#main\" data-orig-file=\"https:\/\/i0.wp.com\/interclubs.gojuryu93.com\/wp-content\/uploads\/sites\/5\/2014\/01\/Bani%C3%A8re-ktf.png?fit=1093%2C158&amp;ssl=1\" data-orig-size=\"1093,158\" data-comments-opened=\"0\" data-image-meta=\"{&quot;aperture&quot;:&quot;0&quot;,&quot;credit&quot;:&quot;&quot;,&quot;camera&quot;:&quot;&quot;,&quot;caption&quot;:&quot;&quot;,&quot;created_timestamp&quot;:&quot;0&quot;,&quot;copyright&quot;:&quot;&quot;,&quot;focal_length&quot;:&quot;0&quot;,&quot;iso&quot;:&quot;0&quot;,&quot;shutter_speed&quot;:&quot;0&quot;,&quot;title&quot;:&quot;&quot;,&quot;orientation&quot;:&quot;0&quot;}\" data-image-title=\"Bani\u00e8re ktf\" data-image-description=\"\" data-image-caption=\"\" data-large-file=\"https:\/\/i0.wp.com\/interclubs.gojuryu93.com\/wp-content\/uploads\/sites\/5\/2014\/01\/Bani%C3%A8re-ktf.png?fit=750%2C108&amp;ssl=1\" class=\"wp-image-1291\" src=\"https:\/\/i0.wp.com\/interclubs.gojuryu93.com\/wp-content\/uploads\/sites\/5\/2014\/01\/Bani%C3%A8re-ktf.png?resize=537%2C77\" alt=\"Bani\u00e8re ktf\" width=\"537\" height=\"77\" srcset=\"https:\/\/i0.wp.com\/interclubs.gojuryu93.com\/wp-content\/uploads\/sites\/5\/2014\/01\/Bani%C3%A8re-ktf.png?resize=300%2C43&amp;ssl=1 300w, https:\/\/i0.wp.com\/interclubs.gojuryu93.com\/wp-content\/uploads\/sites\/5\/2014\/01\/Bani%C3%A8re-ktf.png?resize=768%2C111&amp;ssl=1 768w, https:\/\/i0.wp.com\/interclubs.gojuryu93.com\/wp-content\/uploads\/sites\/5\/2014\/01\/Bani%C3%A8re-ktf.png?resize=1024%2C148&amp;ssl=1 1024w, https:\/\/i0.wp.com\/interclubs.gojuryu93.com\/wp-content\/uploads\/sites\/5\/2014\/01\/Bani%C3%A8re-ktf.png?w=1093&amp;ssl=1 1093w\" sizes=\"auto, (max-width: 537px) 100vw, 537px\" \/><\/a><p id=\"caption-attachment-1291\" class=\"wp-caption-text\"><center><span style=\"font-size: 8pt;\"><em><strong>http:\/\/www.gojuryu93.com &#8211; http:\/\/www.gojuryu93.fr &#8211;\u00a0http:\/\/interclubs.gojuryu93.com<\/strong> <\/em><\/span><\/center><\/p><\/div>\n<p>&nbsp;<\/p>\n<div style=\"width: 541px\" class=\"wp-caption aligncenter\"><a href=\"https:\/\/www.taekwondo-moussy-juilly.fr\/\" target=\"_blank\" rel=\"https:\/\/www.taekwondo-moussy-juilly.fr\/ noopener\"><img data-recalc-dims=\"1\" loading=\"lazy\" decoding=\"async\" src=\"https:\/\/i0.wp.com\/www.taekwondo-moussy-juilly.fr\/custom\/images\/header.png?resize=531%2C102\" alt=\"\" width=\"531\" height=\"102\" \/><\/a><p class=\"wp-caption-text\"><center><span style=\"font-size: 8pt;\"><strong><em>http:\/\/www.taekwondo-moussy-juilly.fr\/<\/em><\/strong><\/span><\/center><\/p><\/div>\n<p>&nbsp;<\/p>\n<div style=\"width: 388px\" class=\"wp-caption aligncenter\"><a href=\"http:\/\/www.blanc-mesnil-karate-do.fr\" target=\"_blank\" rel=\"noopener\"><img data-recalc-dims=\"1\" loading=\"lazy\" decoding=\"async\" src=\"https:\/\/i0.wp.com\/www.blanc-mesnil-karate-do.fr\/images\/banners\/logoBMKDO.png?resize=378%2C93\" alt=\"\" width=\"378\" height=\"93\" \/><\/a><p class=\"wp-caption-text\"><center><span style=\"font-size: 8pt;\"><strong><em>http:\/\/www.blanc-mesnil-karate-do.fr\/- Contact : 06 67 84 55 34<\/em><\/strong><\/span><\/center><\/p><\/div>\n<p>&nbsp;<\/p>\n<div style=\"width: 535px\" class=\"wp-caption aligncenter\"><a href=\"http:\/\/www.fftda.fr\/\" target=\"_blank\" rel=\"noopener\"><img data-recalc-dims=\"1\" loading=\"lazy\" decoding=\"async\" style=\"border: 2px solid black;\" src=\"https:\/\/i0.wp.com\/www.fftda.fr\/data\/images\/top.png?resize=525%2C83\" alt=\"\" width=\"525\" height=\"83\" \/><\/a><p class=\"wp-caption-text\"><center><span style=\"font-size: 8pt;\"><strong><em>http:\/\/www.fftda.fr\/<\/em><\/strong><\/span><\/center><\/p><\/div>\n<p>&nbsp;<\/p>\n<div style=\"width: 187px\" class=\"wp-caption aligncenter\"><a href=\"http:\/\/www.ffkarate.fr\/\" target=\"_blank\" rel=\"noopener\"><img data-recalc-dims=\"1\" loading=\"lazy\" decoding=\"async\" src=\"https:\/\/i0.wp.com\/www.ffkarate.fr\/wp-content\/themes\/ffkda\/images\/ffkda_logo.png?resize=177%2C230\" alt=\"\" width=\"177\" height=\"230\" \/><\/a><p class=\"wp-caption-text\"><center><span style=\"font-size: 8pt;\"><strong><em>http:\/\/www.ffkarate.fr\/<\/em><\/strong><\/span><\/center><\/p><\/div>\n<p style=\"text-align: center;\">\n","protected":false},"excerpt":{"rendered":"<p>\u00a0Les liens sont directement accessibles en cliquant sur les banni\u00e8res : &nbsp; &nbsp; &nbsp; &nbsp;<\/p>\n","protected":false},"author":1,"featured_media":0,"parent":0,"menu_order":0,"comment_status":"closed","ping_status":"closed","template":"","meta":{"_exactmetrics_skip_tracking":false,"_exactmetrics_sitenote_active":false,"_exactmetrics_sitenote_note":"","_exactmetrics_sitenote_category":0,"footnotes":""},"class_list":["post-242","page","type-page","status-publish","hentry"],"jetpack_sharing_enabled":true,"jetpack_shortlink":"https:\/\/wp.me\/P8jlum-3U","jetpack-related-posts":[{"id":92,"url":"https:\/\/interclubs.gojuryu93.com\/?page_id=92","url_meta":{"origin":242,"position":0},"title":"Vid\u00e9os 2013","author":"Team-Goju","date":"30 d\u00e9cembre 2013","format":false,"excerpt":"Retrouvez sur cette page et les pages suivantes les vid\u00e9os des d\u00e9monstrations r\u00e9alis\u00e9es par Nathalie Dorville qui nous a gracieusement fournie ces images. D\u00e9monstrations Combats arbitr\u00e9s \u00a9 2013 R\u00e9alisation vid\u00e9o Nathalie Dorville - Tous droits r\u00e9serv\u00e9s","rel":"","context":"Article similaire","block_context":{"text":"Article similaire","link":""},"img":{"alt_text":"","src":"","width":0,"height":0},"classes":[]},{"id":21,"url":"https:\/\/interclubs.gojuryu93.com\/?page_id=21","url_meta":{"origin":242,"position":1},"title":"Coordonn\u00e9es des clubs participants","author":"Team-Goju","date":"29 d\u00e9cembre 2013","format":false,"excerpt":"\u00a0 \u00a0 Karat\u00e9 Club de Tremblay en France 93290 Tremblay-en-France. Pr\u00e9sident : Henri Biancardini T\u00e9l. Portable : 06 15 99 57 32 Sites : http:\/\/www.gojuryu93.com http:\/\/www.gojuryu93.fr http:\/\/interclubs.gojuryu93.com \u00a0 \u00a0 \u00a0 BMKDO Pr\u00e9sident : Bertrand Daniel T\u00e9l. Portable : 06 67 84 55 34 Vice Pr\u00e9sident : Rocco Di Manno (Coordinateur\u2026","rel":"","context":"Article similaire","block_context":{"text":"Article similaire","link":""},"img":{"alt_text":"","src":"","width":0,"height":0},"classes":[]},{"id":871,"url":"https:\/\/interclubs.gojuryu93.com\/?page_id=871","url_meta":{"origin":242,"position":2},"title":"Kata Empi &#8211;  D\u00e9monstration Shotokan","author":"Team-Goju","date":"1 juin 2014","format":false,"excerpt":"\u00a9 2013 R\u00e9alisation vid\u00e9o Nathalie Dorville \u00a0","rel":"","context":"Article similaire","block_context":{"text":"Article similaire","link":""},"img":{"alt_text":"","src":"","width":0,"height":0},"classes":[]},{"id":874,"url":"https:\/\/interclubs.gojuryu93.com\/?page_id=874","url_meta":{"origin":242,"position":3},"title":"D\u00e9monstration de casse Taekwondo","author":"Team-Goju","date":"1 juin 2014","format":false,"excerpt":"\u00a9 2013 R\u00e9alisation vid\u00e9o Nathalie Dorville","rel":"","context":"Article similaire","block_context":{"text":"Article similaire","link":""},"img":{"alt_text":"","src":"","width":0,"height":0},"classes":[]},{"id":324,"url":"https:\/\/interclubs.gojuryu93.com\/?page_id=324","url_meta":{"origin":242,"position":4},"title":"Kata Bassa\u00ef Da\u00ef &#8211; D\u00e9monstration Shotokan","author":"Team-Goju","date":"30 mai 2014","format":false,"excerpt":"\u00a9 2013 R\u00e9alisation vid\u00e9o par Nathalie Dorville \u00a0","rel":"","context":"Article similaire","block_context":{"text":"Article similaire","link":""},"img":{"alt_text":"","src":"","width":0,"height":0},"classes":[]},{"id":145,"url":"https:\/\/interclubs.gojuryu93.com\/","url_meta":{"origin":242,"position":5},"title":"Bienvenue sur notre interclubs !","author":"Team-Goju","date":"1 janvier 2014","format":false,"excerpt":"Issue d'une volont\u00e9 de cr\u00e9er une \u00e9mulation envers les divers arts martiaux, l'interclub a \u00e9t\u00e9 cr\u00e9\u00e9 \u00e0 l'issue d'une concertation entre des clubs d'origines et de disciplines diff\u00e9rentes. R\u00e9unis autour d'une journ\u00e9e ludique, d\u00e9monstrative et comp\u00e9titive, ces diff\u00e9rentes disciplines se rencontrent le plus souvent possible dans une Coupe Interclubs. Ces\u2026","rel":"","context":"Article similaire","block_context":{"text":"Article similaire","link":""},"img":{"alt_text":"","src":"","width":0,"height":0},"classes":[]}],"_links":{"self":[{"href":"https:\/\/interclubs.gojuryu93.com\/index.php?rest_route=\/wp\/v2\/pages\/242","targetHints":{"allow":["GET"]}}],"collection":[{"href":"https:\/\/interclubs.gojuryu93.com\/index.php?rest_route=\/wp\/v2\/pages"}],"about":[{"href":"https:\/\/interclubs.gojuryu93.com\/index.php?rest_route=\/wp\/v2\/types\/page"}],"author":[{"embeddable":true,"href":"https:\/\/interclubs.gojuryu93.com\/index.php?rest_route=\/wp\/v2\/users\/1"}],"replies":[{"embeddable":true,"href":"https:\/\/interclubs.gojuryu93.com\/index.php?rest_route=%2Fwp%2Fv2%2Fcomments&post=242"}],"version-history":[{"count":0,"href":"https:\/\/interclubs.gojuryu93.com\/index.php?rest_route=\/wp\/v2\/pages\/242\/revisions"}],"wp:attachment":[{"href":"https:\/\/interclubs.gojuryu93.com\/index.php?rest_route=%2Fwp%2Fv2%2Fmedia&parent=242"}],"curies":[{"name":"wp","href":"https:\/\/api.w.org\/{rel}","templated":true}]}}