{"id":21,"date":"2013-12-29T23:14:52","date_gmt":"2013-12-29T22:14:52","guid":{"rendered":"http:\/\/localhost\/Wordpres_EKewaka\/?page_id=21"},"modified":"2017-01-09T00:51:22","modified_gmt":"2017-01-08T23:51:22","slug":"les-clubs-createurs","status":"publish","type":"page","link":"https:\/\/interclubs.gojuryu93.com\/?page_id=21","title":{"rendered":"Coordonn\u00e9es des clubs participants"},"content":{"rendered":"<p>&nbsp;<\/p>\n<table style=\"width: 751.8px; height: 127px; background-color: #ffffff; border: 0px solid #ffffff;\" border=\"0\">\n<tbody>\n<tr style=\"height: 224px;\">\n<td style=\"width: 5px; height: 224px;\"><span style=\"color: #000000;\">\u00a0<\/span><\/td>\n<td style=\"width: 730.8px; height: 224px;\"><span style=\"color: #000000;\"><strong>Karat\u00e9 Club de Tremblay en France<\/strong><\/span><br \/>\n<span style=\"color: #000000;\"> 93290 Tremblay-en-France.<\/span><br \/>\n<span style=\"color: #000000;\"> Pr\u00e9sident : <em><strong>Henri Biancardini<\/strong><\/em><\/span><br \/>\n<span style=\"color: #000000;\"> T\u00e9l. Portable : <strong><em>06 15 99 57 32<\/em><\/strong><\/span><\/p>\n<ul>\n<li><span style=\"color: #000000;\">Sites : <\/span>\n<ul>\n<li><span style=\"color: #000000;\"><strong><em><span style=\"color: #000000;\"><a style=\"color: #000000;\" href=\"http:\/\/www.gojuryu93.com\">http:\/\/www.gojuryu93.com<\/a> <\/span><\/em><\/strong><\/span><\/li>\n<li><span style=\"color: #000000;\"><strong><em><a style=\"color: #000000;\" href=\"http:\/\/www.gojuryu93.fr\">http:\/\/www.gojuryu93.fr<\/a> <\/em><\/strong><\/span><\/li>\n<li><span style=\"color: #000000;\"><strong><em><span style=\"color: #000000;\"><a style=\"color: #000000;\" href=\"http:\/\/interclubs.gojuryu93.com\">http:\/\/interclubs.gojuryu93.com<\/a><\/span><br \/>\n<\/em><\/strong><\/span><\/li>\n<\/ul>\n<\/li>\n<\/ul>\n<\/td>\n<\/tr>\n<tr style=\"height: 24px;\">\n<td style=\"width: 5px; height: 24px;\"><span style=\"color: #000000;\">\u00a0<\/span><\/td>\n<td style=\"width: 730.8px; height: 24px;\"><span style=\"color: #000000;\">\u00a0<\/span><\/td>\n<\/tr>\n<tr style=\"height: 228px;\">\n<td style=\"width: 5px; height: 228px;\"><span style=\"color: #000000;\">\u00a0<\/span><\/td>\n<td style=\"width: 730.8px; height: 228px;\"><span style=\"color: #000000;\"><strong>BMKDO <\/strong><\/span><br \/>\n<span style=\"color: #000000;\"> Pr\u00e9sident :<em><strong> Bertrand Daniel<\/strong><\/em><\/span><br \/>\n<span style=\"color: #000000;\"> T\u00e9l. Portable : <span style=\"font-size: 14pt;\"><em><small><b><\/b><b><strong>06 67 84 55 34<\/strong><\/b><\/small><\/em><\/span><\/span><br \/>\n<span style=\"color: #000000;\"> Vice Pr\u00e9sident : <em><strong>Rocco Di Manno<\/strong> <\/em>(Coordinateur interclubs pour le BMKDO)<\/span><br \/>\n<span style=\"color: #000000;\"> T\u00e9l. Portable : <strong><em>06 46 18 15 64<\/em><\/strong><\/span><br \/>\n<span style=\"color: #000000;\"> Adresse de contact : <em><strong>BMKDO &#8211;<\/strong> <strong>119, rue Emile Kahn &#8211; 93150 Le Blanc-Mesni<\/strong><\/em>l\u00a0<\/span><\/p>\n<ul>\n<li><span style=\"color: #000000;\">Site : <\/span>\n<ul style=\"list-style-type: circle;\">\n<li style=\"text-align: left;\"><span style=\"color: #000000;\"><strong><em><a style=\"color: #000000;\" href=\"http:\/\/www.blanc-mesnil-karate-do.fr\/\">http:\/\/www.blanc-mesnil-karate-do.fr\/<\/a><\/em><\/strong><\/span><\/li>\n<\/ul>\n<\/li>\n<\/ul>\n<\/td>\n<\/tr>\n<tr style=\"height: 24px;\">\n<td style=\"width: 5px; height: 24px;\"><span style=\"color: #000000;\">\u00a0<\/span><\/td>\n<td style=\"width: 730.8px; height: 24px;\"><span style=\"color: #000000;\">\u00a0<\/span><\/td>\n<\/tr>\n<tr style=\"height: 320px;\">\n<td style=\"width: 5px; height: 320px;\"><span style=\"color: #000000;\">\u00a0<\/span><\/td>\n<td style=\"width: 730.8px; height: 320px;\"><span style=\"color: #000000;\"><strong>TAEKWONDO de la Goelle<\/strong><\/span><br \/>\n<span style=\"color: #000000;\"> Pr\u00e9sident Juilly : <em><strong>Pascal BOITTE<\/strong><\/em><\/span><br \/>\n<span style=\"color: #000000;\"> T\u00e9l\u00e9phone : <strong><em>06 07 10 89 18<\/em><\/strong><\/span><br \/>\n<span style=\"color: #000000;\"> Pr\u00e9sident\u00a0 Moussy le Vieux\u00a0 : <em><strong>Guillaume MORDRET<\/strong><\/em><\/span><br \/>\n<span style=\"color: #000000;\"> T\u00e9l\u00e9phone : <em><strong>06 83 35 85 82<\/strong><\/em><\/span><br \/>\n<span style=\"color: #000000;\"> Contact au sein de l&rsquo;association : <em><strong>Norbert COSSE<\/strong><\/em><\/span><br \/>\n<span style=\"color: #000000;\"> T\u00e9l\u00e9phone : <em><strong>06 19 05 05 47<\/strong><\/em><\/span><br \/>\n<span style=\"color: #000000;\"> Email :<em><strong><a style=\"color: #000000;\" href=\"mailto:tdkdelagoele@sfr.fr\"> tdkdelagoele@sfr.fr<\/a><\/strong><\/em><\/span><\/p>\n<ul>\n<li><span style=\"color: #000000;\">Site :<\/span>\n<ul>\n<li><span style=\"color: #000000;\"><strong><em><a style=\"color: #000000;\" href=\"http:\/\/www.taekwondo-moussy-juilly.fr\/accueil.html\" target=\"_blank\">http:\/\/www.taekwondo-moussy-juilly.fr\/accueil.html<\/a><\/em><\/strong><\/span><\/li>\n<\/ul>\n<\/li>\n<li><span style=\"color: #000000;\"> Facebook : <\/span>\n<ul>\n<li><span style=\"color: #000000;\"><a style=\"color: #000000;\" href=\"https:\/\/www.facebook.com\/tsk.delagoele\"><em><strong>\u00a0https:\/\/www.facebook.com\/tsk.delagoele<\/strong><\/em><\/a><\/span><\/li>\n<li><span style=\"color: #000000;\"><strong><em><a style=\"color: #000000;\" href=\"https:\/\/www.facebook.com\/pages\/Taekwondo-Moussy-Juilly\/165792373622240\" target=\"_blank\">https:\/\/www.facebook.com\/pages\/Taekwondo-Moussy-Juilly\/1657923736222 40<\/a><\/em><\/strong><\/span><\/li>\n<\/ul>\n<\/li>\n<\/ul>\n<\/td>\n<\/tr>\n<\/tbody>\n<\/table>\n<p>&nbsp;<\/p>\n","protected":false},"excerpt":{"rendered":"<p>&nbsp; \u00a0 Karat\u00e9 Club de Tremblay en France 93290 Tremblay-en-France. Pr\u00e9sident : Henri Biancardini T\u00e9l. Portable : 06 15 99 57 32 Sites : http:\/\/www.gojuryu93.com http:\/\/www.gojuryu93.fr http:\/\/interclubs.gojuryu93.com \u00a0 \u00a0 \u00a0 <a class=\"more-link\" href=\"https:\/\/interclubs.gojuryu93.com\/?page_id=21\">Lire la suite \u2192<\/a><\/p>\n","protected":false},"author":1,"featured_media":0,"parent":55,"menu_order":0,"comment_status":"closed","ping_status":"closed","template":"","meta":{"_exactmetrics_skip_tracking":false,"_exactmetrics_sitenote_active":false,"_exactmetrics_sitenote_note":"","_exactmetrics_sitenote_category":0,"footnotes":""},"class_list":["post-21","page","type-page","status-publish","hentry"],"jetpack_sharing_enabled":true,"jetpack_shortlink":"https:\/\/wp.me\/P8jlum-l","jetpack-related-posts":[{"id":145,"url":"https:\/\/interclubs.gojuryu93.com\/","url_meta":{"origin":21,"position":0},"title":"Bienvenue sur notre interclubs !","author":"Team-Goju","date":"1 janvier 2014","format":false,"excerpt":"Issue d'une volont\u00e9 de cr\u00e9er une \u00e9mulation envers les divers arts martiaux, l'interclub a \u00e9t\u00e9 cr\u00e9\u00e9 \u00e0 l'issue d'une concertation entre des clubs d'origines et de disciplines diff\u00e9rentes. R\u00e9unis autour d'une journ\u00e9e ludique, d\u00e9monstrative et comp\u00e9titive, ces diff\u00e9rentes disciplines se rencontrent le plus souvent possible dans une Coupe Interclubs. Ces\u2026","rel":"","context":"Article similaire","block_context":{"text":"Article similaire","link":""},"img":{"alt_text":"","src":"","width":0,"height":0},"classes":[]},{"id":242,"url":"https:\/\/interclubs.gojuryu93.com\/?page_id=242","url_meta":{"origin":21,"position":1},"title":"Liens","author":"Team-Goju","date":"29 janvier 2014","format":false,"excerpt":"\u00a0Les liens sont directement accessibles en cliquant sur les banni\u00e8res : \u00a0 \u00a0 \u00a0 \u00a0","rel":"","context":"Article similaire","block_context":{"text":"Article similaire","link":""},"img":{"alt_text":"Bani\u00e8re ktf","src":"https:\/\/i0.wp.com\/interclubs.gojuryu93.com\/wp-content\/uploads\/sites\/5\/2014\/01\/Bani%C3%A8re-ktf-300x43.png?resize=350%2C200","width":350,"height":200,"srcset":"https:\/\/i0.wp.com\/interclubs.gojuryu93.com\/wp-content\/uploads\/sites\/5\/2014\/01\/Bani%C3%A8re-ktf-300x43.png?resize=350%2C200 1x, https:\/\/i0.wp.com\/interclubs.gojuryu93.com\/wp-content\/uploads\/sites\/5\/2014\/01\/Bani%C3%A8re-ktf-300x43.png?resize=525%2C300 1.5x"},"classes":[]},{"id":74,"url":"https:\/\/interclubs.gojuryu93.com\/?page_id=74","url_meta":{"origin":21,"position":2},"title":"Karat\u00e9 Gojuryu de Tremblay en France","author":"Team-Goju","date":"29 d\u00e9cembre 2013","format":false,"excerpt":"Unique club du d\u00e9partement de la Seine Saint Denis \u00e0 offrir la pratique du Karat\u00e9 Goju-ryu, le Club de Karat\u00e9 de Tremblay-en-France vous permettra de d\u00e9couvrir cette pratique du karat\u00e9 originel d'Okinawa. Vous pourrez \u00e9galement vous essayer \u00e0 la pratique des armes traditionnelles avec la section Kobudo, au programme :\u2026","rel":"","context":"Article similaire","block_context":{"text":"Article similaire","link":""},"img":{"alt_text":"Bani\u00e8re ktf","src":"https:\/\/i0.wp.com\/interclubs.gojuryu93.com\/wp-content\/uploads\/sites\/5\/2014\/01\/Bani%C3%A8re-ktf-300x43.png?resize=350%2C200","width":350,"height":200,"srcset":"https:\/\/i0.wp.com\/interclubs.gojuryu93.com\/wp-content\/uploads\/sites\/5\/2014\/01\/Bani%C3%A8re-ktf-300x43.png?resize=350%2C200 1x, https:\/\/i0.wp.com\/interclubs.gojuryu93.com\/wp-content\/uploads\/sites\/5\/2014\/01\/Bani%C3%A8re-ktf-300x43.png?resize=525%2C300 1.5x, https:\/\/i0.wp.com\/interclubs.gojuryu93.com\/wp-content\/uploads\/sites\/5\/2014\/01\/Bani%C3%A8re-ktf-300x43.png?resize=700%2C400 2x"},"classes":[]},{"id":871,"url":"https:\/\/interclubs.gojuryu93.com\/?page_id=871","url_meta":{"origin":21,"position":3},"title":"Kata Empi &#8211;  D\u00e9monstration Shotokan","author":"Team-Goju","date":"1 juin 2014","format":false,"excerpt":"\u00a9 2013 R\u00e9alisation vid\u00e9o Nathalie Dorville \u00a0","rel":"","context":"Article similaire","block_context":{"text":"Article similaire","link":""},"img":{"alt_text":"","src":"","width":0,"height":0},"classes":[]},{"id":874,"url":"https:\/\/interclubs.gojuryu93.com\/?page_id=874","url_meta":{"origin":21,"position":4},"title":"D\u00e9monstration de casse Taekwondo","author":"Team-Goju","date":"1 juin 2014","format":false,"excerpt":"\u00a9 2013 R\u00e9alisation vid\u00e9o Nathalie Dorville","rel":"","context":"Article similaire","block_context":{"text":"Article similaire","link":""},"img":{"alt_text":"","src":"","width":0,"height":0},"classes":[]},{"id":270,"url":"https:\/\/interclubs.gojuryu93.com\/?page_id=270","url_meta":{"origin":21,"position":5},"title":"Copyright","author":"Team-Goju","date":"26 mai 2014","format":false,"excerpt":"Tous les textes, photographies et documents pr\u00e9sents sur ce site sont propri\u00e9t\u00e9s du Karat\u00e9 Club de Tremblay-en-France et de leurs auteurs respectifs. Copies interdites sans autorisation du Karat\u00e9 Club de Tremblay-en-France ou des auteurs. \u00a9 2011 - 2017 - Karat\u00e9 Club de Tremblay-en-France - Tous droits r\u00e9serv\u00e9s. Sonorisations \u00e9ventuelles du\u2026","rel":"","context":"Article similaire","block_context":{"text":"Article similaire","link":""},"img":{"alt_text":"","src":"https:\/\/i0.wp.com\/ekewakando.free.fr\/wp-content\/uploads\/copyright_6.jpg?resize=350%2C200","width":350,"height":200},"classes":[]}],"_links":{"self":[{"href":"https:\/\/interclubs.gojuryu93.com\/index.php?rest_route=\/wp\/v2\/pages\/21","targetHints":{"allow":["GET"]}}],"collection":[{"href":"https:\/\/interclubs.gojuryu93.com\/index.php?rest_route=\/wp\/v2\/pages"}],"about":[{"href":"https:\/\/interclubs.gojuryu93.com\/index.php?rest_route=\/wp\/v2\/types\/page"}],"author":[{"embeddable":true,"href":"https:\/\/interclubs.gojuryu93.com\/index.php?rest_route=\/wp\/v2\/users\/1"}],"replies":[{"embeddable":true,"href":"https:\/\/interclubs.gojuryu93.com\/index.php?rest_route=%2Fwp%2Fv2%2Fcomments&post=21"}],"version-history":[{"count":0,"href":"https:\/\/interclubs.gojuryu93.com\/index.php?rest_route=\/wp\/v2\/pages\/21\/revisions"}],"up":[{"embeddable":true,"href":"https:\/\/interclubs.gojuryu93.com\/index.php?rest_route=\/wp\/v2\/pages\/55"}],"wp:attachment":[{"href":"https:\/\/interclubs.gojuryu93.com\/index.php?rest_route=%2Fwp%2Fv2%2Fmedia&parent=21"}],"curies":[{"name":"wp","href":"https:\/\/api.w.org\/{rel}","templated":true}]}}