{"id":190,"date":"2014-01-02T01:46:12","date_gmt":"2014-01-02T00:46:12","guid":{"rendered":"http:\/\/localhost\/Wordpres_EKewaka\/?page_id=190"},"modified":"2018-01-11T12:32:06","modified_gmt":"2018-01-11T11:32:06","slug":"interclub-2012","status":"publish","type":"page","link":"https:\/\/interclubs.gojuryu93.com\/?page_id=190","title":{"rendered":"Interclub 2012"},"content":{"rendered":"<p>&nbsp;<\/p>\n<h1 style=\"text-align: center;\"><\/h1>\n<h1 style=\"text-align: center;\"><span style=\"font-size: 18pt; font-family: trebuchet ms,geneva,sans-serif;\"><span style=\"font-size: 36pt;\">Images non disponibles !<\/span><br \/>\n<\/span><\/h1>\n<h1 style=\"text-align: center;\"><span style=\"font-size: 14pt; font-family: trebuchet ms,geneva,sans-serif;\">Les images sources ne sont pas disponibles, suite \u00e0 panne de serveur les fichiers ont \u00e9t\u00e9 perdus.<br \/>\n<\/span><\/h1>\n<h1 style=\"text-align: center;\"><span style=\"font-family: trebuchet ms,geneva,sans-serif;\"><strong>\u00a0<\/strong><\/span><\/h1>\n<h1 style=\"text-align: center;\"><a class=\"maxbutton-12 maxbutton maxbutton-retour-diaporamas\" rel=\"nofollow noopener\" href=\"\/?page_id=81\"><span class='mb-text'>Retour aux diaporamas<\/span><\/a><\/h1>\n","protected":false},"excerpt":{"rendered":"<p>&nbsp; Images non disponibles ! Les images sources ne sont pas disponibles, suite \u00e0 panne de serveur les fichiers ont \u00e9t\u00e9 perdus. \u00a0<\/p>\n","protected":false},"author":1,"featured_media":0,"parent":81,"menu_order":0,"comment_status":"closed","ping_status":"open","template":"","meta":{"_exactmetrics_skip_tracking":false,"_exactmetrics_sitenote_active":false,"_exactmetrics_sitenote_note":"","_exactmetrics_sitenote_category":0,"footnotes":""},"class_list":["post-190","page","type-page","status-publish","hentry"],"jetpack_sharing_enabled":true,"jetpack_shortlink":"https:\/\/wp.me\/P8jlum-34","jetpack-related-posts":[{"id":186,"url":"https:\/\/interclubs.gojuryu93.com\/?page_id=186","url_meta":{"origin":190,"position":0},"title":"Droits \u00e0 l&rsquo;image","author":"Team-Goju","date":"2 janvier 2014","format":false,"excerpt":"\u00a0 Toutes les personnes repr\u00e9sent\u00e9es sur ce site ou leurs responsables l\u00e9gaux ainsi que les dirigeants des clubs ont fourni une autorisation de diffusion des images aux organisateurs de l'\u00e9v\u00e9nement conform\u00e9ment aux dispositions l\u00e9gales des droits \u00e0 images en France. Ces autorisations sont en possession du Karat\u00e9 Club de Tremblay-en-France.\u2026","rel":"","context":"Article similaire","block_context":{"text":"Article similaire","link":""},"img":{"alt_text":"","src":"","width":0,"height":0},"classes":[]},{"id":84,"url":"https:\/\/interclubs.gojuryu93.com\/?page_id=84","url_meta":{"origin":190,"position":1},"title":"Interclubs  2013","author":"Team-Goju","date":"30 d\u00e9cembre 2013","format":false,"excerpt":"Au cours de nos interclubs les diff\u00e9rents organisateurs prennent des prises de vues ou des vid\u00e9os, retrouvez ici les images de l'interclubs 2013. \u00a92013 Karat\u00e9 Club de Tremblay-en-France - Copies interdites Merci de laisser le diaporama se charger \u00a0","rel":"","context":"Article similaire","block_context":{"text":"Article similaire","link":""},"img":{"alt_text":"","src":"","width":0,"height":0},"classes":[]},{"id":92,"url":"https:\/\/interclubs.gojuryu93.com\/?page_id=92","url_meta":{"origin":190,"position":2},"title":"Vid\u00e9os 2013","author":"Team-Goju","date":"30 d\u00e9cembre 2013","format":false,"excerpt":"Retrouvez sur cette page et les pages suivantes les vid\u00e9os des d\u00e9monstrations r\u00e9alis\u00e9es par Nathalie Dorville qui nous a gracieusement fournie ces images. D\u00e9monstrations Combats arbitr\u00e9s \u00a9 2013 R\u00e9alisation vid\u00e9o Nathalie Dorville - Tous droits r\u00e9serv\u00e9s","rel":"","context":"Article similaire","block_context":{"text":"Article similaire","link":""},"img":{"alt_text":"","src":"","width":0,"height":0},"classes":[]},{"id":63,"url":"https:\/\/interclubs.gojuryu93.com\/?page_id=63","url_meta":{"origin":190,"position":3},"title":"Les clubs participants","author":"Team-Goju","date":"29 d\u00e9cembre 2013","format":false,"excerpt":"Cliquez sur une des banni\u00e8res pour acc\u00e9der aux informations clubs : \u00a0","rel":"","context":"Article similaire","block_context":{"text":"Article similaire","link":""},"img":{"alt_text":"Bani\u00e8re ktf","src":"https:\/\/i0.wp.com\/interclubs.gojuryu93.com\/wp-content\/uploads\/sites\/5\/2014\/01\/Bani%C3%A8re-ktf-300x43.png?resize=350%2C200","width":350,"height":200,"srcset":"https:\/\/i0.wp.com\/interclubs.gojuryu93.com\/wp-content\/uploads\/sites\/5\/2014\/01\/Bani%C3%A8re-ktf-300x43.png?resize=350%2C200 1x, https:\/\/i0.wp.com\/interclubs.gojuryu93.com\/wp-content\/uploads\/sites\/5\/2014\/01\/Bani%C3%A8re-ktf-300x43.png?resize=525%2C300 1.5x"},"classes":[]},{"id":7,"url":"https:\/\/interclubs.gojuryu93.com\/?page_id=7","url_meta":{"origin":190,"position":4},"title":"A propos de l&rsquo;interclubs","author":"Team-Goju","date":"26 d\u00e9cembre 2013","format":false,"excerpt":"R\u00e9union de clubs pratiquants des arts martiaux, l\u2019objectif de cet interclubs est de d\u00e9montrer que toutes les disciplines sont capables de se r\u00e9unir, de se rencontrer, d\u2019\u00e9changer et de pratiquer sous une m\u00eame ferveur la pratique de leurs diff\u00e9rentes disciplines. Initi\u00e9 par le Karat\u00e9 Club de Tremblay-en-France et le Club\u2026","rel":"","context":"Article similaire","block_context":{"text":"Article similaire","link":""},"img":{"alt_text":"coupe-ekewakando","src":"https:\/\/i0.wp.com\/interclubs.gojuryu93.com\/wp-content\/uploads\/sites\/5\/2013\/12\/coupe-ekewakando-300x248.jpg?resize=350%2C200","width":350,"height":200,"srcset":"https:\/\/i0.wp.com\/interclubs.gojuryu93.com\/wp-content\/uploads\/sites\/5\/2013\/12\/coupe-ekewakando-300x248.jpg?resize=350%2C200 1x, https:\/\/i0.wp.com\/interclubs.gojuryu93.com\/wp-content\/uploads\/sites\/5\/2013\/12\/coupe-ekewakando-300x248.jpg?resize=525%2C300 1.5x, https:\/\/i0.wp.com\/interclubs.gojuryu93.com\/wp-content\/uploads\/sites\/5\/2013\/12\/coupe-ekewakando-300x248.jpg?resize=700%2C400 2x"},"classes":[]},{"id":270,"url":"https:\/\/interclubs.gojuryu93.com\/?page_id=270","url_meta":{"origin":190,"position":5},"title":"Copyright","author":"Team-Goju","date":"26 mai 2014","format":false,"excerpt":"Tous les textes, photographies et documents pr\u00e9sents sur ce site sont propri\u00e9t\u00e9s du Karat\u00e9 Club de Tremblay-en-France et de leurs auteurs respectifs. Copies interdites sans autorisation du Karat\u00e9 Club de Tremblay-en-France ou des auteurs. \u00a9 2011 - 2017 - Karat\u00e9 Club de Tremblay-en-France - Tous droits r\u00e9serv\u00e9s. Sonorisations \u00e9ventuelles du\u2026","rel":"","context":"Article similaire","block_context":{"text":"Article similaire","link":""},"img":{"alt_text":"","src":"https:\/\/i0.wp.com\/ekewakando.free.fr\/wp-content\/uploads\/copyright_6.jpg?resize=350%2C200","width":350,"height":200},"classes":[]}],"_links":{"self":[{"href":"https:\/\/interclubs.gojuryu93.com\/index.php?rest_route=\/wp\/v2\/pages\/190","targetHints":{"allow":["GET"]}}],"collection":[{"href":"https:\/\/interclubs.gojuryu93.com\/index.php?rest_route=\/wp\/v2\/pages"}],"about":[{"href":"https:\/\/interclubs.gojuryu93.com\/index.php?rest_route=\/wp\/v2\/types\/page"}],"author":[{"embeddable":true,"href":"https:\/\/interclubs.gojuryu93.com\/index.php?rest_route=\/wp\/v2\/users\/1"}],"replies":[{"embeddable":true,"href":"https:\/\/interclubs.gojuryu93.com\/index.php?rest_route=%2Fwp%2Fv2%2Fcomments&post=190"}],"version-history":[{"count":0,"href":"https:\/\/interclubs.gojuryu93.com\/index.php?rest_route=\/wp\/v2\/pages\/190\/revisions"}],"up":[{"embeddable":true,"href":"https:\/\/interclubs.gojuryu93.com\/index.php?rest_route=\/wp\/v2\/pages\/81"}],"wp:attachment":[{"href":"https:\/\/interclubs.gojuryu93.com\/index.php?rest_route=%2Fwp%2Fv2%2Fmedia&parent=190"}],"curies":[{"name":"wp","href":"https:\/\/api.w.org\/{rel}","templated":true}]}}