{"id":186,"date":"2014-01-02T01:40:06","date_gmt":"2014-01-02T00:40:06","guid":{"rendered":"http:\/\/localhost\/Wordpres_EKewaka\/?page_id=186"},"modified":"2016-04-25T16:19:30","modified_gmt":"2016-04-25T15:19:30","slug":"droits-a-limage","status":"publish","type":"page","link":"https:\/\/interclubs.gojuryu93.com\/?page_id=186","title":{"rendered":"Droits \u00e0 l&rsquo;image"},"content":{"rendered":"<p style=\"text-align: center;\"><strong><span style=\"text-decoration: underline;\"><span style=\"font-family: tahoma,arial,helvetica,sans-serif; font-size: 18px;\">\u00a0<\/span><\/span><\/strong><\/p>\n<p><span style=\"font-family: tahoma,arial,helvetica,sans-serif; font-size: 18px;\">Toutes les personnes repr\u00e9sent\u00e9es sur ce site ou leurs responsables l\u00e9gaux ainsi que les dirigeants des clubs ont fourni une autorisation de diffusion des images aux organisateurs de l&rsquo;\u00e9v\u00e9nement conform\u00e9ment aux<em><strong><a href=\"http:\/\/www.cnil.fr\/linstitution\/actualite\/article\/article\/lutilisation-de-limage-des-personnes\/\"> dispositions l\u00e9gales des droits \u00e0 images en France<\/a>.<\/strong><\/em><\/span><\/p>\n<p><span style=\"font-family: tahoma,arial,helvetica,sans-serif; font-size: 18px;\">Ces autorisations sont en possession du Karat\u00e9 Club de Tremblay-en-France.<br \/>\n<\/span><\/p>\n<p><span style=\"font-family: tahoma,arial,helvetica,sans-serif; font-size: 18px;\">Toutes demandes de suppression ou de modifications sont \u00e0 adresser aux organisateurs par simple mail au webmaster du site ou par courrier postal. Les donn\u00e9es concern\u00e9es seront modifi\u00e9es en cons\u00e9quences conform\u00e9ment \u00e0 la <em><strong>l<a href=\"http:\/\/www.cnil.fr\/documentation\/textes-fondateurs\/loi78-17\/\">oi informatique et libert\u00e9.<\/a><\/strong><\/em><\/span><\/p>\n<p><span style=\"font-family: tahoma,arial,helvetica,sans-serif; font-size: 18px;\">Toutes les prises de vues fournies gracieusement pr\u00e9sentes sur ce site sont propri\u00e9t\u00e9s de leurs auteurs respectifs, du Karat\u00e9 Club de Tremblay-en-France et des sites internets lui appartenant et par extension aux <\/span><span style=\"font-family: tahoma,arial,helvetica,sans-serif; font-size: 18px;\">diff\u00e9rents <\/span><span style=\"font-family: tahoma,arial,helvetica,sans-serif; font-size: 18px;\">clubs participants. <\/span><\/p>\n<p><span style=\"font-family: tahoma,arial,helvetica,sans-serif; font-size: 18px;\">Toutes reproductions ou diffusions des documents ou de leurs extraits sur n&rsquo;importe quel m\u00e9dia sont interdites sans autorisation pr\u00e9alable des auteurs.<\/span><\/p>\n<p><span style=\"font-size: 18px; font-family: tahoma,arial,helvetica,sans-serif;\">Toutes\u00a0 images et les document pr\u00e9sents sur ce site sont r\u00e9git par<em><strong><a href=\"http:\/\/www.legifrance.gouv.fr\/affichCode.do?cidTexte=LEGITEXT000006069414&amp;dateTexte=20080129\"> les droits \u00e0 la propri\u00e9t\u00e9s intellectuelles <\/a><\/strong><\/em>et \u00e0 la <em><strong><a href=\"http:\/\/www.culture.gouv.fr\/culture\/infos-pratiques\/droits\/protection.htm\">protection des droits d&rsquo;auteurs.<\/a><\/strong><\/em><\/span><\/p>\n","protected":false},"excerpt":{"rendered":"<p>\u00a0 Toutes les personnes repr\u00e9sent\u00e9es sur ce site ou leurs responsables l\u00e9gaux ainsi que les dirigeants des clubs ont fourni une autorisation de diffusion des images aux organisateurs de l&rsquo;\u00e9v\u00e9nement <a class=\"more-link\" href=\"https:\/\/interclubs.gojuryu93.com\/?page_id=186\">Lire la suite \u2192<\/a><\/p>\n","protected":false},"author":1,"featured_media":0,"parent":55,"menu_order":0,"comment_status":"closed","ping_status":"open","template":"page-full-width.php","meta":{"_exactmetrics_skip_tracking":false,"_exactmetrics_sitenote_active":false,"_exactmetrics_sitenote_note":"","_exactmetrics_sitenote_category":0,"footnotes":""},"class_list":["post-186","page","type-page","status-publish","hentry"],"jetpack_sharing_enabled":true,"jetpack_shortlink":"https:\/\/wp.me\/P8jlum-30","jetpack-related-posts":[{"id":270,"url":"https:\/\/interclubs.gojuryu93.com\/?page_id=270","url_meta":{"origin":186,"position":0},"title":"Copyright","author":"Team-Goju","date":"26 mai 2014","format":false,"excerpt":"Tous les textes, photographies et documents pr\u00e9sents sur ce site sont propri\u00e9t\u00e9s du Karat\u00e9 Club de Tremblay-en-France et de leurs auteurs respectifs. Copies interdites sans autorisation du Karat\u00e9 Club de Tremblay-en-France ou des auteurs. \u00a9 2011 - 2017 - Karat\u00e9 Club de Tremblay-en-France - Tous droits r\u00e9serv\u00e9s. Sonorisations \u00e9ventuelles du\u2026","rel":"","context":"Article similaire","block_context":{"text":"Article similaire","link":""},"img":{"alt_text":"","src":"https:\/\/i0.wp.com\/ekewakando.free.fr\/wp-content\/uploads\/copyright_6.jpg?resize=350%2C200","width":350,"height":200},"classes":[]},{"id":84,"url":"https:\/\/interclubs.gojuryu93.com\/?page_id=84","url_meta":{"origin":186,"position":1},"title":"Interclubs  2013","author":"Team-Goju","date":"30 d\u00e9cembre 2013","format":false,"excerpt":"Au cours de nos interclubs les diff\u00e9rents organisateurs prennent des prises de vues ou des vid\u00e9os, retrouvez ici les images de l'interclubs 2013. \u00a92013 Karat\u00e9 Club de Tremblay-en-France - Copies interdites Merci de laisser le diaporama se charger \u00a0","rel":"","context":"Article similaire","block_context":{"text":"Article similaire","link":""},"img":{"alt_text":"","src":"","width":0,"height":0},"classes":[]},{"id":145,"url":"https:\/\/interclubs.gojuryu93.com\/","url_meta":{"origin":186,"position":2},"title":"Bienvenue sur notre interclubs !","author":"Team-Goju","date":"1 janvier 2014","format":false,"excerpt":"Issue d'une volont\u00e9 de cr\u00e9er une \u00e9mulation envers les divers arts martiaux, l'interclub a \u00e9t\u00e9 cr\u00e9\u00e9 \u00e0 l'issue d'une concertation entre des clubs d'origines et de disciplines diff\u00e9rentes. R\u00e9unis autour d'une journ\u00e9e ludique, d\u00e9monstrative et comp\u00e9titive, ces diff\u00e9rentes disciplines se rencontrent le plus souvent possible dans une Coupe Interclubs. Ces\u2026","rel":"","context":"Article similaire","block_context":{"text":"Article similaire","link":""},"img":{"alt_text":"","src":"","width":0,"height":0},"classes":[]},{"id":90,"url":"https:\/\/interclubs.gojuryu93.com\/?page_id=90","url_meta":{"origin":186,"position":3},"title":"Gojuryu diaporama 2013","author":"Team-Goju","date":"30 d\u00e9cembre 2013","format":false,"excerpt":"\u00a92013 - Karat\u00e9 Club Gojuryu de Tremblay-en-France - Photos de Natahalie Dorville. [easy-media med=\"1102\"]\u00a0 Cliquez pour visualiser le diaporama. Patientez pendant le chargement. \u00a0 \/\/ < ![CDATA[ \/\/ < ![CDATA[ \/\/ < ![CDATA[ \/\/ < ![CDATA[ \/\/ \u00a0 Page en cours de chargement...Merci de patienter \u00a0 \u00a0 \/\/ < ![CDATA[\u2026","rel":"","context":"Article similaire","block_context":{"text":"Article similaire","link":""},"img":{"alt_text":"","src":"","width":0,"height":0},"classes":[]},{"id":7,"url":"https:\/\/interclubs.gojuryu93.com\/?page_id=7","url_meta":{"origin":186,"position":4},"title":"A propos de l&rsquo;interclubs","author":"Team-Goju","date":"26 d\u00e9cembre 2013","format":false,"excerpt":"R\u00e9union de clubs pratiquants des arts martiaux, l\u2019objectif de cet interclubs est de d\u00e9montrer que toutes les disciplines sont capables de se r\u00e9unir, de se rencontrer, d\u2019\u00e9changer et de pratiquer sous une m\u00eame ferveur la pratique de leurs diff\u00e9rentes disciplines. Initi\u00e9 par le Karat\u00e9 Club de Tremblay-en-France et le Club\u2026","rel":"","context":"Article similaire","block_context":{"text":"Article similaire","link":""},"img":{"alt_text":"coupe-ekewakando","src":"https:\/\/i0.wp.com\/interclubs.gojuryu93.com\/wp-content\/uploads\/sites\/5\/2013\/12\/coupe-ekewakando-300x248.jpg?resize=350%2C200","width":350,"height":200,"srcset":"https:\/\/i0.wp.com\/interclubs.gojuryu93.com\/wp-content\/uploads\/sites\/5\/2013\/12\/coupe-ekewakando-300x248.jpg?resize=350%2C200 1x, https:\/\/i0.wp.com\/interclubs.gojuryu93.com\/wp-content\/uploads\/sites\/5\/2013\/12\/coupe-ekewakando-300x248.jpg?resize=525%2C300 1.5x, https:\/\/i0.wp.com\/interclubs.gojuryu93.com\/wp-content\/uploads\/sites\/5\/2013\/12\/coupe-ekewakando-300x248.jpg?resize=700%2C400 2x"},"classes":[]},{"id":72,"url":"https:\/\/interclubs.gojuryu93.com\/?page_id=72","url_meta":{"origin":186,"position":5},"title":"Taekwondo de la Go\u00eble","author":"Team-Goju","date":"29 d\u00e9cembre 2013","format":false,"excerpt":"\u00a0 \u00a0 \u00a0 \u00a0 \u00a0 \u00a0 \u00a0 \u00a0 \u00a0 \u00a0 Le Club de Taekwondo de la Go\u00eble situ\u00e9 dans le d\u00e9partement 77 sur les communes de Moussy et de Juilly est coorganisateur des interclubs. Ouvert sur d'autres pratiques que le taekwondo, il prodigue \u00e9galement des cours de karat\u00e9 Goju-ryu et\u2026","rel":"","context":"Article similaire","block_context":{"text":"Article similaire","link":""},"img":{"alt_text":"","src":"https:\/\/i0.wp.com\/www.gojuryu93.com\/wp-content\/uploads\/2015\/11\/logo-tekwando.png?resize=350%2C200","width":350,"height":200},"classes":[]}],"_links":{"self":[{"href":"https:\/\/interclubs.gojuryu93.com\/index.php?rest_route=\/wp\/v2\/pages\/186","targetHints":{"allow":["GET"]}}],"collection":[{"href":"https:\/\/interclubs.gojuryu93.com\/index.php?rest_route=\/wp\/v2\/pages"}],"about":[{"href":"https:\/\/interclubs.gojuryu93.com\/index.php?rest_route=\/wp\/v2\/types\/page"}],"author":[{"embeddable":true,"href":"https:\/\/interclubs.gojuryu93.com\/index.php?rest_route=\/wp\/v2\/users\/1"}],"replies":[{"embeddable":true,"href":"https:\/\/interclubs.gojuryu93.com\/index.php?rest_route=%2Fwp%2Fv2%2Fcomments&post=186"}],"version-history":[{"count":0,"href":"https:\/\/interclubs.gojuryu93.com\/index.php?rest_route=\/wp\/v2\/pages\/186\/revisions"}],"up":[{"embeddable":true,"href":"https:\/\/interclubs.gojuryu93.com\/index.php?rest_route=\/wp\/v2\/pages\/55"}],"wp:attachment":[{"href":"https:\/\/interclubs.gojuryu93.com\/index.php?rest_route=%2Fwp%2Fv2%2Fmedia&parent=186"}],"curies":[{"name":"wp","href":"https:\/\/api.w.org\/{rel}","templated":true}]}}