{"id":145,"date":"2014-01-01T18:46:36","date_gmt":"2014-01-01T17:46:36","guid":{"rendered":"http:\/\/localhost\/Wordpres_EKewaka\/?page_id=145"},"modified":"2017-01-09T00:23:39","modified_gmt":"2017-01-08T23:23:39","slug":"bienvenue-sur-notre-interclub-2","status":"publish","type":"page","link":"https:\/\/interclubs.gojuryu93.com\/","title":{"rendered":"Bienvenue sur notre interclubs !"},"content":{"rendered":"<p>Issue d&rsquo;une volont\u00e9 de cr\u00e9er une \u00e9mulation envers les divers arts martiaux, l&rsquo;interclub a \u00e9t\u00e9 cr\u00e9\u00e9 \u00e0 l&rsquo;issue d&rsquo;une concertation entre des clubs d&rsquo;origines et de disciplines diff\u00e9rentes.<\/p>\n<p>R\u00e9unis autour d&rsquo;une journ\u00e9e ludique, d\u00e9monstrative et comp\u00e9titive, ces diff\u00e9rentes disciplines se rencontrent le plus souvent possible dans une Coupe Interclubs.<\/p>\n<p>Ces r\u00e9unions ne peuvent se faire que dans la mesure ou les infrastructures d\u2019accueil locales et les bonnes volont\u00e9s se r\u00e9unissent pour arriver \u00e0 faire une f\u00eate de cet \u00e9v\u00e9nement, ce qui est parfois difficile en fonction des contextes ou des \u00e9v\u00e9nements d&rsquo;actualit\u00e9 rencontr\u00e9s.<\/p>\n<p>Rendez-vous \u00e0 tous lors du prochain Interclubs organis\u00e9.<\/p>\n<p>Si votre club d\u00e9sire se joindre \u00e0 cet \u00e9v\u00e9nement et participer aux futures \u00e9ditions, prendre<em><strong> <a href=\"http:\/\/www.gojuryu93.com\/contact\/\">contact avec le Karat\u00e9 Club de Tremblay-en-France<\/a>.<\/strong><\/em><\/p>\n<div id=\"wpfp_b56f1d198f3bda160deec50d904ad8da\" data-item=\"{&quot;sources&quot;:[{&quot;src&quot;:&quot;http:\\\/\\\/www.gojuryu93.com\\\/wp-content\\\/uploads\\\/sites\\\/5\\\/2016\\\/Vids\\\/Intro_interclub.MOV&quot;,&quot;type&quot;:&quot;video\\\/mp4&quot;}],&quot;splash&quot;:&quot;http:\\\/\\\/interclubs.gojuryu93.com\\\/wp-content\\\/uploads\\\/sites\\\/5\\\/2014\\\/01\\\/logo_tremblay_100x100.png&quot;}\" class=\"flowplayer no-brand is-splash is-paused skin-slim no-svg fp-slim fp-edgy\" data-fvautoplay=\"0\" data-engine=\"flash\" style=\"position:relative; width: 640px; height: 360px; \" data-ratio=\"0.5625\">\n\t<div class=\"fp-ratio\" style=\"padding-top: 56.25%\"><\/div>\n\t<img data-recalc-dims=\"1\" decoding=\"async\" class=\"fp-splash\" alt=\"video\" src=\"https:\/\/i0.wp.com\/interclubs.gojuryu93.com\/wp-content\/uploads\/sites\/5\/2014\/01\/logo_tremblay_100x100.png?w=750\" style=\"position:absolute;top:0;width:100%\" \/>\n\t<div class=\"fp-ui\"><noscript>Please enable JavaScript<\/noscript><div class=\"fp-play fp-visible\"><svg class=\"fp-play-sharp-fill\" xmlns=\"http:\/\/www.w3.org\/2000\/svg\" viewBox=\"0 0 100 100\"><defs><style>.fp-color-play{opacity:0.65;}.controlbutton{fill:#fff;}<\/style><\/defs><title>play-sharp-fill<\/title><path class=\"fp-color-play\" d=\"M49.9217-.078a50,50,0,1,0,50,50A50.0564,50.0564,0,0,0,49.9217-.078Z\"\/><polygon class=\"controlbutton\" points=\"73.601 50 37.968 70.573 37.968 29.427 73.601 50\" filter=\"url(#f1)\"\/><\/svg><\/div><div class=\"fp-preload\"><b><\/b><b><\/b><b><\/b><b><\/b><\/div><\/div>\n<div id=\"wpfp_b56f1d198f3bda160deec50d904ad8da_custom_background\" class=\"wpfp_custom_background\" style=\"background-image: url('http:\/\/interclubs.gojuryu93.com\/wp-content\/uploads\/sites\/5\/2014\/01\/logo_tremblay_100x100.png')\"><\/div>\n<\/div>\n\n<p style=\"text-align: center;\"><strong><em>\u00a92013 Nathalie Dorville &#8211; Pr\u00e9sentation Interclubs Par H.Biancardini<\/em><\/strong><\/p>\n<p style=\"text-align: center;\"><a class=\"maxbutton-1 maxbutton maxbutton-galeries-images\" title=\"Cliquer pour acc\u00e9der aux galeries\" rel=\"nofollow noopener\" href=\"\/?page_id=81\"><span class='mb-text'>Galeries d&#039;images<\/span><\/a><\/p>\n<p style=\"text-align: center;\"><a class=\"maxbutton-2 maxbutton maxbutton-le-blog\" title=\"Pour avoir les news de l&#039;interclubs\" rel=\"nofollow noopener\" href=\"\/?page_id=181\"><span class='mb-text'>Aller vers le blog<\/span><\/a><\/p>\n<p style=\"text-align: center;\"><a class=\"maxbutton-3 maxbutton maxbutton-gojuryu93-com\" target=\"_blank\" title=\"Ici c&#039;est notre Club ! Cliquer pour voir\" rel=\"nofollow noopener\" href=\"http:\/\/gojuryu93.com\/\"><span class='mb-text'>Karat\u00e9 Club de Tremblay en France<\/span><\/a><\/p>\n","protected":false},"excerpt":{"rendered":"<p>Issue d&rsquo;une volont\u00e9 de cr\u00e9er une \u00e9mulation envers les divers arts martiaux, l&rsquo;interclub a \u00e9t\u00e9 cr\u00e9\u00e9 \u00e0 l&rsquo;issue d&rsquo;une concertation entre des clubs d&rsquo;origines et de disciplines diff\u00e9rentes. R\u00e9unis autour <a class=\"more-link\" href=\"https:\/\/interclubs.gojuryu93.com\/\">Lire la suite \u2192<\/a><\/p>\n","protected":false},"author":1,"featured_media":0,"parent":0,"menu_order":0,"comment_status":"closed","ping_status":"open","template":"","meta":{"_exactmetrics_skip_tracking":false,"_exactmetrics_sitenote_active":false,"_exactmetrics_sitenote_note":"","_exactmetrics_sitenote_category":0,"footnotes":""},"class_list":["post-145","page","type-page","status-publish","hentry"],"jetpack_sharing_enabled":true,"jetpack_shortlink":"https:\/\/wp.me\/P8jlum-2l","jetpack-related-posts":[{"id":7,"url":"https:\/\/interclubs.gojuryu93.com\/?page_id=7","url_meta":{"origin":145,"position":0},"title":"A propos de l&rsquo;interclubs","author":"Team-Goju","date":"26 d\u00e9cembre 2013","format":false,"excerpt":"R\u00e9union de clubs pratiquants des arts martiaux, l\u2019objectif de cet interclubs est de d\u00e9montrer que toutes les disciplines sont capables de se r\u00e9unir, de se rencontrer, d\u2019\u00e9changer et de pratiquer sous une m\u00eame ferveur la pratique de leurs diff\u00e9rentes disciplines. Initi\u00e9 par le Karat\u00e9 Club de Tremblay-en-France et le Club\u2026","rel":"","context":"Article similaire","block_context":{"text":"Article similaire","link":""},"img":{"alt_text":"coupe-ekewakando","src":"https:\/\/i0.wp.com\/interclubs.gojuryu93.com\/wp-content\/uploads\/sites\/5\/2013\/12\/coupe-ekewakando-300x248.jpg?resize=350%2C200","width":350,"height":200,"srcset":"https:\/\/i0.wp.com\/interclubs.gojuryu93.com\/wp-content\/uploads\/sites\/5\/2013\/12\/coupe-ekewakando-300x248.jpg?resize=350%2C200 1x, https:\/\/i0.wp.com\/interclubs.gojuryu93.com\/wp-content\/uploads\/sites\/5\/2013\/12\/coupe-ekewakando-300x248.jpg?resize=525%2C300 1.5x, https:\/\/i0.wp.com\/interclubs.gojuryu93.com\/wp-content\/uploads\/sites\/5\/2013\/12\/coupe-ekewakando-300x248.jpg?resize=700%2C400 2x"},"classes":[]},{"id":1114,"url":"https:\/\/interclubs.gojuryu93.com\/?page_id=1114","url_meta":{"origin":145,"position":1},"title":"Mentions l\u00e9gales","author":"Team-Goju","date":"14 juin 2014","format":false,"excerpt":"Ce site est h\u00e9berg\u00e9 et r\u00e9alis\u00e9 par Le Karat\u00e9 Club de Tremblay en France\u00a0 sur un serveur fourni par : OVH SAS au capital de 10\u00a0059\u00a0500\u00a0\u20ac RCS Lille M\u00e9tropole 424 761 419 00045 Code APE 6202A N\u00b0 TVA : FR 22 424 761 419 Si\u00e8ge social : 2 rue Kellermann\u2026","rel":"","context":"Article similaire","block_context":{"text":"Article similaire","link":""},"img":{"alt_text":"","src":"","width":0,"height":0},"classes":[]},{"id":72,"url":"https:\/\/interclubs.gojuryu93.com\/?page_id=72","url_meta":{"origin":145,"position":2},"title":"Taekwondo de la Go\u00eble","author":"Team-Goju","date":"29 d\u00e9cembre 2013","format":false,"excerpt":"\u00a0 \u00a0 \u00a0 \u00a0 \u00a0 \u00a0 \u00a0 \u00a0 \u00a0 \u00a0 Le Club de Taekwondo de la Go\u00eble situ\u00e9 dans le d\u00e9partement 77 sur les communes de Moussy et de Juilly est coorganisateur des interclubs. Ouvert sur d'autres pratiques que le taekwondo, il prodigue \u00e9galement des cours de karat\u00e9 Goju-ryu et\u2026","rel":"","context":"Article similaire","block_context":{"text":"Article similaire","link":""},"img":{"alt_text":"","src":"https:\/\/i0.wp.com\/www.gojuryu93.com\/wp-content\/uploads\/2015\/11\/logo-tekwando.png?resize=350%2C200","width":350,"height":200},"classes":[]},{"id":84,"url":"https:\/\/interclubs.gojuryu93.com\/?page_id=84","url_meta":{"origin":145,"position":3},"title":"Interclubs  2013","author":"Team-Goju","date":"30 d\u00e9cembre 2013","format":false,"excerpt":"Au cours de nos interclubs les diff\u00e9rents organisateurs prennent des prises de vues ou des vid\u00e9os, retrouvez ici les images de l'interclubs 2013. \u00a92013 Karat\u00e9 Club de Tremblay-en-France - Copies interdites Merci de laisser le diaporama se charger \u00a0","rel":"","context":"Article similaire","block_context":{"text":"Article similaire","link":""},"img":{"alt_text":"","src":"","width":0,"height":0},"classes":[]},{"id":270,"url":"https:\/\/interclubs.gojuryu93.com\/?page_id=270","url_meta":{"origin":145,"position":4},"title":"Copyright","author":"Team-Goju","date":"26 mai 2014","format":false,"excerpt":"Tous les textes, photographies et documents pr\u00e9sents sur ce site sont propri\u00e9t\u00e9s du Karat\u00e9 Club de Tremblay-en-France et de leurs auteurs respectifs. Copies interdites sans autorisation du Karat\u00e9 Club de Tremblay-en-France ou des auteurs. \u00a9 2011 - 2017 - Karat\u00e9 Club de Tremblay-en-France - Tous droits r\u00e9serv\u00e9s. Sonorisations \u00e9ventuelles du\u2026","rel":"","context":"Article similaire","block_context":{"text":"Article similaire","link":""},"img":{"alt_text":"","src":"https:\/\/i0.wp.com\/ekewakando.free.fr\/wp-content\/uploads\/copyright_6.jpg?resize=350%2C200","width":350,"height":200},"classes":[]},{"id":186,"url":"https:\/\/interclubs.gojuryu93.com\/?page_id=186","url_meta":{"origin":145,"position":5},"title":"Droits \u00e0 l&rsquo;image","author":"Team-Goju","date":"2 janvier 2014","format":false,"excerpt":"\u00a0 Toutes les personnes repr\u00e9sent\u00e9es sur ce site ou leurs responsables l\u00e9gaux ainsi que les dirigeants des clubs ont fourni une autorisation de diffusion des images aux organisateurs de l'\u00e9v\u00e9nement conform\u00e9ment aux dispositions l\u00e9gales des droits \u00e0 images en France. Ces autorisations sont en possession du Karat\u00e9 Club de Tremblay-en-France.\u2026","rel":"","context":"Article similaire","block_context":{"text":"Article similaire","link":""},"img":{"alt_text":"","src":"","width":0,"height":0},"classes":[]}],"_links":{"self":[{"href":"https:\/\/interclubs.gojuryu93.com\/index.php?rest_route=\/wp\/v2\/pages\/145","targetHints":{"allow":["GET"]}}],"collection":[{"href":"https:\/\/interclubs.gojuryu93.com\/index.php?rest_route=\/wp\/v2\/pages"}],"about":[{"href":"https:\/\/interclubs.gojuryu93.com\/index.php?rest_route=\/wp\/v2\/types\/page"}],"author":[{"embeddable":true,"href":"https:\/\/interclubs.gojuryu93.com\/index.php?rest_route=\/wp\/v2\/users\/1"}],"replies":[{"embeddable":true,"href":"https:\/\/interclubs.gojuryu93.com\/index.php?rest_route=%2Fwp%2Fv2%2Fcomments&post=145"}],"version-history":[{"count":0,"href":"https:\/\/interclubs.gojuryu93.com\/index.php?rest_route=\/wp\/v2\/pages\/145\/revisions"}],"wp:attachment":[{"href":"https:\/\/interclubs.gojuryu93.com\/index.php?rest_route=%2Fwp%2Fv2%2Fmedia&parent=145"}],"curies":[{"name":"wp","href":"https:\/\/api.w.org\/{rel}","templated":true}]}}