{"id":1114,"date":"2014-06-14T20:08:57","date_gmt":"2014-06-14T19:08:57","guid":{"rendered":"http:\/\/ekewakando.free.fr\/?page_id=1114"},"modified":"2017-01-06T20:41:29","modified_gmt":"2017-01-06T19:41:29","slug":"mentions-legales","status":"publish","type":"page","link":"https:\/\/interclubs.gojuryu93.com\/?page_id=1114","title":{"rendered":"Mentions l\u00e9gales"},"content":{"rendered":"<p>Ce site est h\u00e9berg\u00e9 et r\u00e9alis\u00e9 par <strong><em>Le Karat\u00e9 Club de Tremblay en France\u00a0<\/em><\/strong> sur un serveur fourni par :<\/p>\n<blockquote>\n<h5><a href=\"https:\/\/www.ovh.com\/fr\/\" target=\"_blank\">OVH<\/a><\/h5>\n<p>SAS au capital de 10\u00a0059\u00a0500\u00a0\u20ac<br \/>\nRCS Lille M\u00e9tropole 424 761 419 00045<br \/>\nCode APE 6202A<br \/>\nN\u00b0 TVA : FR 22 424 761 419<br \/>\nSi\u00e8ge social : 2 rue Kellermann &#8211; 59100 Roubaix &#8211; France.<\/p><\/blockquote>\n<p>Les mentions l\u00e9gales applicables sont celles du site parent :\u00a0 <a href=\"http:\/\/www.gojuryu93.com\/1084-2\/\" target=\"_blank\">Karat\u00e9 Club Goju-ryu de Tremblay-en-France<\/a><\/p>\n<p>Ce site est d\u00e9velopp\u00e9 et r\u00e9alis\u00e9\u00a0 dans le cadre d&rsquo;une coop\u00e9ration entre clubs d&rsquo;arts martiaux japonais et cor\u00e9ens pour la promotion des arts martiaux et de l&rsquo;interclubs multi-disciplines.<\/p>\n<p>Ce site est r\u00e9alis\u00e9 gracieusement par des b\u00e9n\u00e9voles associatifs sur leurs temps libres.<\/p>\n<p>Responsables techniques des clubs participants pour la r\u00e9alisation et l\u2019organisation de l&rsquo;interclubs de 2013 \u00e0 2014 :<\/p>\n<ul>\n<li><strong>Club Gojuryu de Tremblay en France &#8211; <\/strong>Dojo Des Cottages &#8211; Rue Balzac 93290 Tremblay-en-France &#8211; Pr\u00e9sident &#8211; Monsieur Biancardini Henri.<\/li>\n<li><strong>TAEKWONDO de la Go\u00eble. <\/strong>Rue de Senlis &#8211; 77 230 Moussy le Vieux &#8211; Juilly &#8211; Responsables Interclub Monsieur Norbert Cosse.<\/li>\n<li><strong>BMKDO &#8211;<\/strong> 119, rue Emile Kahn &#8211;\u00a0 93150 Le Blanc-Mesnil &#8211; Responsable interclubs \u00a0 Monsieur Di Manno Rocco.<\/li>\n<\/ul>\n<p>Nous remercions\u00a0 chaleureusement ces intervenants pour la disponibilit\u00e9 dont ils font preuve pour r\u00e9aliser ces interclubs.<\/p>\n<p>&nbsp;<\/p>\n<p>&nbsp;<\/p>\n<div class=\"_4nq6\"><\/div>\n<p><strong><br \/>\n<\/strong><\/p>\n<p>Pour tous renseignements compl\u00e9mentaires<em><strong><a href=\"http:\/\/www.gojuryu93.com\/contact\/\" target=\"_blank\"> contactez le webmaster.<\/a><\/strong><\/em><\/p>\n<p>&nbsp;<\/p>\n","protected":false},"excerpt":{"rendered":"<p>Ce site est h\u00e9berg\u00e9 et r\u00e9alis\u00e9 par Le Karat\u00e9 Club de Tremblay en France\u00a0 sur un serveur fourni par : OVH SAS au capital de 10\u00a0059\u00a0500\u00a0\u20ac RCS Lille M\u00e9tropole 424 <a class=\"more-link\" href=\"https:\/\/interclubs.gojuryu93.com\/?page_id=1114\">Lire la suite \u2192<\/a><\/p>\n","protected":false},"author":1,"featured_media":0,"parent":55,"menu_order":0,"comment_status":"closed","ping_status":"closed","template":"","meta":{"_exactmetrics_skip_tracking":false,"_exactmetrics_sitenote_active":false,"_exactmetrics_sitenote_note":"","_exactmetrics_sitenote_category":0,"footnotes":""},"class_list":["post-1114","page","type-page","status-publish","hentry"],"jetpack_sharing_enabled":true,"jetpack_shortlink":"https:\/\/wp.me\/P8jlum-hY","jetpack-related-posts":[{"id":7,"url":"https:\/\/interclubs.gojuryu93.com\/?page_id=7","url_meta":{"origin":1114,"position":0},"title":"A propos de l&rsquo;interclubs","author":"Team-Goju","date":"26 d\u00e9cembre 2013","format":false,"excerpt":"R\u00e9union de clubs pratiquants des arts martiaux, l\u2019objectif de cet interclubs est de d\u00e9montrer que toutes les disciplines sont capables de se r\u00e9unir, de se rencontrer, d\u2019\u00e9changer et de pratiquer sous une m\u00eame ferveur la pratique de leurs diff\u00e9rentes disciplines. Initi\u00e9 par le Karat\u00e9 Club de Tremblay-en-France et le Club\u2026","rel":"","context":"Article similaire","block_context":{"text":"Article similaire","link":""},"img":{"alt_text":"coupe-ekewakando","src":"https:\/\/i0.wp.com\/interclubs.gojuryu93.com\/wp-content\/uploads\/sites\/5\/2013\/12\/coupe-ekewakando-300x248.jpg?resize=350%2C200","width":350,"height":200,"srcset":"https:\/\/i0.wp.com\/interclubs.gojuryu93.com\/wp-content\/uploads\/sites\/5\/2013\/12\/coupe-ekewakando-300x248.jpg?resize=350%2C200 1x, https:\/\/i0.wp.com\/interclubs.gojuryu93.com\/wp-content\/uploads\/sites\/5\/2013\/12\/coupe-ekewakando-300x248.jpg?resize=525%2C300 1.5x, https:\/\/i0.wp.com\/interclubs.gojuryu93.com\/wp-content\/uploads\/sites\/5\/2013\/12\/coupe-ekewakando-300x248.jpg?resize=700%2C400 2x"},"classes":[]},{"id":72,"url":"https:\/\/interclubs.gojuryu93.com\/?page_id=72","url_meta":{"origin":1114,"position":1},"title":"Taekwondo de la Go\u00eble","author":"Team-Goju","date":"29 d\u00e9cembre 2013","format":false,"excerpt":"\u00a0 \u00a0 \u00a0 \u00a0 \u00a0 \u00a0 \u00a0 \u00a0 \u00a0 \u00a0 Le Club de Taekwondo de la Go\u00eble situ\u00e9 dans le d\u00e9partement 77 sur les communes de Moussy et de Juilly est coorganisateur des interclubs. Ouvert sur d'autres pratiques que le taekwondo, il prodigue \u00e9galement des cours de karat\u00e9 Goju-ryu et\u2026","rel":"","context":"Article similaire","block_context":{"text":"Article similaire","link":""},"img":{"alt_text":"","src":"https:\/\/i0.wp.com\/www.gojuryu93.com\/wp-content\/uploads\/2015\/11\/logo-tekwando.png?resize=350%2C200","width":350,"height":200},"classes":[]},{"id":74,"url":"https:\/\/interclubs.gojuryu93.com\/?page_id=74","url_meta":{"origin":1114,"position":2},"title":"Karat\u00e9 Gojuryu de Tremblay en France","author":"Team-Goju","date":"29 d\u00e9cembre 2013","format":false,"excerpt":"Unique club du d\u00e9partement de la Seine Saint Denis \u00e0 offrir la pratique du Karat\u00e9 Goju-ryu, le Club de Karat\u00e9 de Tremblay-en-France vous permettra de d\u00e9couvrir cette pratique du karat\u00e9 originel d'Okinawa. Vous pourrez \u00e9galement vous essayer \u00e0 la pratique des armes traditionnelles avec la section Kobudo, au programme :\u2026","rel":"","context":"Article similaire","block_context":{"text":"Article similaire","link":""},"img":{"alt_text":"Bani\u00e8re ktf","src":"https:\/\/i0.wp.com\/interclubs.gojuryu93.com\/wp-content\/uploads\/sites\/5\/2014\/01\/Bani%C3%A8re-ktf-300x43.png?resize=350%2C200","width":350,"height":200,"srcset":"https:\/\/i0.wp.com\/interclubs.gojuryu93.com\/wp-content\/uploads\/sites\/5\/2014\/01\/Bani%C3%A8re-ktf-300x43.png?resize=350%2C200 1x, https:\/\/i0.wp.com\/interclubs.gojuryu93.com\/wp-content\/uploads\/sites\/5\/2014\/01\/Bani%C3%A8re-ktf-300x43.png?resize=525%2C300 1.5x, https:\/\/i0.wp.com\/interclubs.gojuryu93.com\/wp-content\/uploads\/sites\/5\/2014\/01\/Bani%C3%A8re-ktf-300x43.png?resize=700%2C400 2x"},"classes":[]},{"id":186,"url":"https:\/\/interclubs.gojuryu93.com\/?page_id=186","url_meta":{"origin":1114,"position":3},"title":"Droits \u00e0 l&rsquo;image","author":"Team-Goju","date":"2 janvier 2014","format":false,"excerpt":"\u00a0 Toutes les personnes repr\u00e9sent\u00e9es sur ce site ou leurs responsables l\u00e9gaux ainsi que les dirigeants des clubs ont fourni une autorisation de diffusion des images aux organisateurs de l'\u00e9v\u00e9nement conform\u00e9ment aux dispositions l\u00e9gales des droits \u00e0 images en France. Ces autorisations sont en possession du Karat\u00e9 Club de Tremblay-en-France.\u2026","rel":"","context":"Article similaire","block_context":{"text":"Article similaire","link":""},"img":{"alt_text":"","src":"","width":0,"height":0},"classes":[]},{"id":145,"url":"https:\/\/interclubs.gojuryu93.com\/","url_meta":{"origin":1114,"position":4},"title":"Bienvenue sur notre interclubs !","author":"Team-Goju","date":"1 janvier 2014","format":false,"excerpt":"Issue d'une volont\u00e9 de cr\u00e9er une \u00e9mulation envers les divers arts martiaux, l'interclub a \u00e9t\u00e9 cr\u00e9\u00e9 \u00e0 l'issue d'une concertation entre des clubs d'origines et de disciplines diff\u00e9rentes. R\u00e9unis autour d'une journ\u00e9e ludique, d\u00e9monstrative et comp\u00e9titive, ces diff\u00e9rentes disciplines se rencontrent le plus souvent possible dans une Coupe Interclubs. Ces\u2026","rel":"","context":"Article similaire","block_context":{"text":"Article similaire","link":""},"img":{"alt_text":"","src":"","width":0,"height":0},"classes":[]},{"id":84,"url":"https:\/\/interclubs.gojuryu93.com\/?page_id=84","url_meta":{"origin":1114,"position":5},"title":"Interclubs  2013","author":"Team-Goju","date":"30 d\u00e9cembre 2013","format":false,"excerpt":"Au cours de nos interclubs les diff\u00e9rents organisateurs prennent des prises de vues ou des vid\u00e9os, retrouvez ici les images de l'interclubs 2013. \u00a92013 Karat\u00e9 Club de Tremblay-en-France - Copies interdites Merci de laisser le diaporama se charger \u00a0","rel":"","context":"Article similaire","block_context":{"text":"Article similaire","link":""},"img":{"alt_text":"","src":"","width":0,"height":0},"classes":[]}],"_links":{"self":[{"href":"https:\/\/interclubs.gojuryu93.com\/index.php?rest_route=\/wp\/v2\/pages\/1114","targetHints":{"allow":["GET"]}}],"collection":[{"href":"https:\/\/interclubs.gojuryu93.com\/index.php?rest_route=\/wp\/v2\/pages"}],"about":[{"href":"https:\/\/interclubs.gojuryu93.com\/index.php?rest_route=\/wp\/v2\/types\/page"}],"author":[{"embeddable":true,"href":"https:\/\/interclubs.gojuryu93.com\/index.php?rest_route=\/wp\/v2\/users\/1"}],"replies":[{"embeddable":true,"href":"https:\/\/interclubs.gojuryu93.com\/index.php?rest_route=%2Fwp%2Fv2%2Fcomments&post=1114"}],"version-history":[{"count":0,"href":"https:\/\/interclubs.gojuryu93.com\/index.php?rest_route=\/wp\/v2\/pages\/1114\/revisions"}],"up":[{"embeddable":true,"href":"https:\/\/interclubs.gojuryu93.com\/index.php?rest_route=\/wp\/v2\/pages\/55"}],"wp:attachment":[{"href":"https:\/\/interclubs.gojuryu93.com\/index.php?rest_route=%2Fwp%2Fv2%2Fmedia&parent=1114"}],"curies":[{"name":"wp","href":"https:\/\/api.w.org\/{rel}","templated":true}]}}